{"id":1281,"date":"2018-01-21T12:01:27","date_gmt":"2018-01-21T11:01:27","guid":{"rendered":"http:\/\/daanstudio.com\/daanstudio\/?page_id=1281"},"modified":"2024-08-14T08:39:44","modified_gmt":"2024-08-14T06:39:44","slug":"datenschutz","status":"publish","type":"page","link":"https:\/\/daanstudio.com\/daanstudio\/datenschutz\/","title":{"rendered":"Datenschutz-DE"},"content":{"rendered":"<p>[et_pb_section fb_built=&#8220;1&#8243; _builder_version=&#8220;4.16&#8243; background_color=&#8220;#000000&#8243; global_colors_info=&#8220;{}&#8220;][et_pb_row _builder_version=&#8220;4.16&#8243; background_size=&#8220;initial&#8220; background_position=&#8220;top_left&#8220; background_repeat=&#8220;repeat&#8220; animation_style=&#8220;slide&#8220; animation_direction=&#8220;top&#8220; global_colors_info=&#8220;{}&#8220; column_structure=&#8220;1_4,3_4&#8243;][et_pb_column type=&#8220;1_4&#8243; _builder_version=&#8220;4.16&#8243; custom_padding=&#8220;|||&#8220; global_colors_info=&#8220;{}&#8220; custom_padding__hover=&#8220;|||&#8220;][et_pb_divider show_divider=&#8220;off&#8220; _builder_version=&#8220;4.16&#8243; height=&#8220;30px&#8220; global_colors_info=&#8220;{}&#8220;][\/et_pb_divider][et_pb_image src=&#8220;https:\/\/daanstudio.com\/daanstudio\/wp-content\/uploads\/2017\/12\/daan_designstudio_logo.jpg&#8220; alt=&#8220;daan_designstudio_logo&#8220; url=&#8220;\/daanstudio\/&#8220; align=&#8220;right&#8220; align_tablet=&#8220;center&#8220; align_last_edited=&#8220;on|desktop&#8220; _builder_version=&#8220;4.16&#8243; always_center_on_mobile=&#8220;on&#8220; global_colors_info=&#8220;{}&#8220; align_phone=&#8220;center&#8220;][\/et_pb_image][\/et_pb_column][et_pb_column type=&#8220;3_4&#8243; _builder_version=&#8220;4.16&#8243; custom_padding=&#8220;|||&#8220; global_colors_info=&#8220;{}&#8220; custom_padding__hover=&#8220;|||&#8220;][\/et_pb_column][\/et_pb_row][et_pb_row _builder_version=&#8220;4.16&#8243; background_size=&#8220;initial&#8220; background_position=&#8220;top_left&#8220; background_repeat=&#8220;repeat&#8220; global_colors_info=&#8220;{}&#8220; column_structure=&#8220;1_4,3_4&#8243;][et_pb_column type=&#8220;1_4&#8243; _builder_version=&#8220;4.16&#8243; custom_padding=&#8220;|||&#8220; global_colors_info=&#8220;{}&#8220; custom_padding__hover=&#8220;|||&#8220;][et_pb_text admin_label=&#8220;MEN\u00dc KONTAKT&#8220; _builder_version=&#8220;4.16&#8243; text_font_size=&#8220;12px&#8220; text_letter_spacing=&#8220;1px&#8220; text_line_height=&#8220;1em&#8220; custom_padding=&#8220;0px|||&#8220; animation_style=&#8220;slide&#8220; animation_direction=&#8220;left&#8220; animation_duration=&#8220;2000ms&#8220; global_colors_info=&#8220;{}&#8220;]<\/p>\n<style>a:hover { background-color: #a3a3a3; color: black; }<\/style>\n<p style=\"text-align: right;\"><a href=\"\/daanstudio\/about\/\">ABOUT DAAN<\/a><\/p>\n<p style=\"text-align: right;\"><a href=\"\/daanstudio\/collection\/\">KOLLEKTION<\/a><\/p>\n<p style=\"text-align: right;\"><a href=\"\/daanstudio\/news\/\">NEWS<\/a><\/p>\n<p style=\"text-align: right;\"><a href=\"\/daanstudio\/contact\/\">KONTAKT<\/a><\/p>\n<p style=\"text-align: right;\"><a href=\"\/daanstudio\/impressum\/\">IMPRESSUM\u00a0\u00a0&#8211;<\/a><\/p>\n<p style=\"text-align: right;\"><strong>DATENSCHUTZ\u00a0\u00a0+<\/strong><\/p>\n<p style=\"text-align: right;\"><a href=\"\/daanstudio\/avg\/\">AGB\/AVG\u00a0\u00a0&#8211;<\/a><\/p>\n<p style=\"text-align: right;\"><a href=\"\/daanstudio\/copyright\/\">COPYRIGHT\u00a0\u00a0&#8211;<\/a><\/p>\n<p>[\/et_pb_text][\/et_pb_column][et_pb_column type=&#8220;3_4&#8243; _builder_version=&#8220;4.16&#8243; custom_padding=&#8220;|||&#8220; global_colors_info=&#8220;{}&#8220; custom_padding__hover=&#8220;|||&#8220;][et_pb_text admin_label=&#8220;DAAN Designstudio&#8220; _builder_version=&#8220;4.27.0&#8243; text_text_color=&#8220;#a3a3a3&#8243; text_font_size=&#8220;12px&#8220; text_letter_spacing=&#8220;1px&#8220; text_line_height=&#8220;1.3em&#8220; header_text_align=&#8220;left&#8220; header_text_color=&#8220;#a3a3a3&#8243; header_font_size=&#8220;1px&#8220; custom_margin=&#8220;0px|||&#8220; custom_margin_tablet=&#8220;&#8220; custom_margin_phone=&#8220;&#8220; custom_margin_last_edited=&#8220;on|desktop&#8220; custom_padding=&#8220;0px||20px|50px&#8220; custom_padding_tablet=&#8220;10px||20px|0px&#8220; custom_padding_phone=&#8220;&#8220; custom_padding_last_edited=&#8220;on|desktop&#8220; animation_style=&#8220;slide&#8220; animation_direction=&#8220;bottom&#8220; animation_delay=&#8220;1000ms&#8220; hover_enabled=&#8220;0&#8243; text_font_size_tablet=&#8220;&#8220; text_font_size_phone=&#8220;&#8220; text_font_size_last_edited=&#8220;on|desktop&#8220; text_letter_spacing_tablet=&#8220;&#8220; text_letter_spacing_phone=&#8220;&#8220; text_letter_spacing_last_edited=&#8220;on|phone&#8220; text_line_height_tablet=&#8220;1em&#8220; text_line_height_phone=&#8220;&#8220; text_line_height_last_edited=&#8220;on|desktop&#8220; global_colors_info=&#8220;{}&#8220; sticky_enabled=&#8220;0&#8243;]<\/p>\n<p><strong>DAAN Designstudio<\/strong><br \/>Damir Antolovic<br \/>Fellbacher Str. 46<br \/>70327 Stuttgart<\/p>\n<p>Mobil\u00a0\u00a0\u00a0 +49.159 065 930 71<br \/>E-Mail\u00a0\u00a0\u00a0info@daanstudio.com<\/p>\n<p>Datenschutzerkl\u00e4rung<\/p>\n<p>Datenschutz<\/p>\n<p>Die Betreiber dieser Seiten nehmen den Schutz Ihrer pers\u00f6nlichen Daten sehr ernst. Wir behandeln Ihre personenbezogenen Daten vertraulich und entsprechend der gesetzlichen Datenschutzvorschriften sowie dieser Datenschutzerkl\u00e4rung.<\/p>\n<p>Die Nutzung unserer Webseite ist in der Regel ohne Angabe personenbezogener Daten m\u00f6glich. Soweit auf unseren Seiten personenbezogene Daten (beispielsweise Name, Anschrift oder E-Mail-Adressen) erhoben werden, erfolgt dies, soweit m\u00f6glich, stets auf freiwilliger Basis. Diese Daten werden ohne Ihre ausdr\u00fcckliche Zustimmung nicht an Dritte weitergegeben.<\/p>\n<p>Wir weisen darauf hin, dass die Daten\u00fcbertragung im Internet (z.B. bei der Kommunikation per E-Mail) Sicherheitsl\u00fccken aufweisen kann. Ein l\u00fcckenloser Schutz der Daten vor dem Zugriff durch Dritte ist nicht m\u00f6glich.<\/p>\n<p>Cookies<\/p>\n<p>Die Internetseiten verwenden teilweise so genannte Cookies. Cookies richten auf Ihrem Rechner keinen Schaden an und enthalten keine Viren. Cookies dienen dazu, unser Angebot nutzerfreundlicher, effektiver und sicherer zu machen. Cookies sind kleine Textdateien, die auf Ihrem Rechner abgelegt werden und die Ihr Browser speichert.<\/p>\n<p>Die meisten der von uns verwendeten Cookies sind so genannte \u201eSession-Cookies\u201c. Sie werden nach Ende Ihres Besuchs automatisch gel\u00f6scht. Andere Cookies bleiben auf Ihrem Endger\u00e4t gespeichert, bis Sie diese l\u00f6schen. Diese Cookies erm\u00f6glichen es uns, Ihren Browser beim n\u00e4chsten Besuch wiederzuerkennen.<\/p>\n<p>Sie k\u00f6nnen Ihren Browser so einstellen, dass Sie \u00fcber das Setzen von Cookies informiert werden und Cookies nur im Einzelfall erlauben, die Annahme von Cookies f\u00fcr bestimmte F\u00e4lle oder generell ausschlie\u00dfen sowie das automatische L\u00f6schen der Cookies beim Schlie\u00dfen des Browser aktivieren. Bei der Deaktivierung von Cookies kann die Funktionalit\u00e4t dieser Website eingeschr\u00e4nkt sein.<\/p>\n<p>Server-Log-Files<\/p>\n<p>Der Provider der Seiten erhebt und speichert automatisch Informationen in so genannten Server-Log Files, die Ihr Browser automatisch an uns \u00fcbermittelt. Dies sind:<\/p>\n<p>Browsertyp und Browserversion<br \/>verwendetes Betriebssystem<br \/>Referrer URL<br \/>Hostname des zugreifenden Rechners<br \/>Uhrzeit der Serveranfrage<\/p>\n<p>Diese Daten sind nicht bestimmten Personen zuordenbar. Eine Zusammenf\u00fchrung dieser Daten mit anderen Datenquellen wird nicht vorgenommen. Wir behalten uns vor, diese Daten nachtr\u00e4glich zu pr\u00fcfen, wenn uns konkrete Anhaltspunkte f\u00fcr eine rechtswidrige Nutzung bekannt werden.<\/p>\n<p>Kontaktformular<\/p>\n<p>Wenn Sie uns per Kontaktformular Anfragen zukommen lassen, werden Ihre Angaben aus dem Anfrageformular inklusive der von Ihnen dort angegebenen Kontaktdaten zwecks Bearbeitung der Anfrage und f\u00fcr den Fall von Anschlussfragen bei uns gespeichert. Diese Daten geben wir nicht ohne Ihre Einwilligung weiter.<\/p>\n<p>Newsletterdaten<\/p>\n<p>Wenn Sie den auf der Webseite angebotenen Newsletter beziehen m\u00f6chten, ben\u00f6tigen wir von Ihnen eine E-Mail-Adresse sowie Informationen, welche uns die \u00dcberpr\u00fcfung gestatten, dass Sie der Inhaber der angegebenen E-Mail-Adresse sind und mit dem Empfang des Newsletters einverstanden sind. Weitere Daten werden nicht erhoben. Diese Daten verwenden wir ausschlie\u00dflich f\u00fcr den Versand der angeforderten Informationen und geben sie nicht an Dritte weiter.<\/p>\n<p>Die erteilte Einwilligung zur Speicherung der Daten, der E-Mail-Adresse sowie deren Nutzung zum Versand des Newsletters k\u00f6nnen Sie jederzeit widerrufen, etwa \u00fcber den \u201eAustragen\u201c-Link im Newsletter.<\/p>\n<p>Facebook-Plugins (LikeButton)<\/p>\n<p>Auf unseren Seiten sind Plugins des sozialen Netzwerks Facebook, Anbieter Facebook Inc., 1 Hacker Way, Menlo Park, California 94025, USA, integriert. Die Facebook-Plugins erkennen Sie an dem Facebook-Logo oder dem \u201eLike-Button\u201c (\u201eGef\u00e4llt mir\u201c) auf unserer Seite. Eine \u00dcbersicht \u00fcber die Facebook-Plugins finden Sie hier:<\/p>\n<p>http:\/\/developers.facebook.com\/docs\/plugins\/.<\/p>\n<p>Wenn Sie unsere Seiten besuchen, wird \u00fcber das Plugin eine direkte Verbindung zwischen Ihrem Browser und dem Facebook-Server hergestellt. Facebook erh\u00e4lt dadurch die Information, dass Sie mit Ihrer IP-Adresse unsere Seite besucht haben. Wenn Sie den Facebook \u201eLike-Button\u201c anklicken w\u00e4hrend Sie in Ihrem Facebook- Account eingeloggt sind, k\u00f6nnen Sie die Inhalte unserer Seiten auf Ihrem Facebook-Profil verlinken. Dadurch kann Facebook den Besuch unserer Seiten Ihrem Benutzerkonto zuordnen. Wir weisen darauf hin, dass wir als Anbieter der Seiten keine Kenntnis vom Inhalt der \u00fcbermittelten Daten sowie deren Nutzung durch Facebook erhalten. Weitere Informationen hierzu finden Sie in der Datenschutzerkl\u00e4rung von Facebook unter http:\/\/dede.<br \/>facebook.com\/policy.php.<\/p>\n<p>Wenn Sie nicht w\u00fcnschen, dass Facebook den Besuch unserer Seiten Ihrem Facebook-Nutzerkonto zuordnen kann, loggen Sie sich bitte aus Ihrem Facebook-Benutzerkonto aus.<\/p>\n<p>SSL-Verschl\u00fcsselung<\/p>\n<p>Diese Seite nutzt aus Gr\u00fcnden der Sicherheit und zum Schutz der \u00dcbertragung vertraulicher Inhalte, wie zum Beispiel der Anfragen, die Sie an uns als Seitenbetreiber senden, eine SSL-Verschl\u00fcsselung. Eine verschl\u00fcsselte Verbindung erkennen Sie daran, dass die Adresszeile des Browsers von \u201ehttp:\/\/\u201c auf \u201ehttps:\/\/\u201c wechselt und an dem Schloss-Symbol in Ihrer<br \/>Browserzeile.<\/p>\n<p>Wenn die SSL Verschl\u00fcsselung aktiviert ist, k\u00f6nnen die Daten, die Sie an uns \u00fcbermitteln, nicht von Dritten mitgelesen werden.<\/p>\n<p>Recht auf Auskunft, L\u00f6schung, Sperrung<\/p>\n<p>Sie haben jederzeit das Recht auf unentgeltliche Auskunft \u00fcber Ihre gespeicherten personenbezogenen Daten, deren Herkunft und Empf\u00e4nger und den Zweck der Datenverarbeitung sowie ein Recht auf Berichtigung, Sperrung oder L\u00f6schung dieser Daten. Hierzu sowie zu weiteren Fragen zum Thema personenbezogene Daten k\u00f6nnen Sie sich jederzeit unter der im Impressum angegebenen Adresse an uns wenden.<\/p>\n<p>Widerspruch Werbe-Mails<\/p>\n<p>Der Nutzung von im Rahmen der Impressumspflicht ver\u00f6ffentlichten Kontaktdaten zur \u00dcbersendung von nicht ausdr\u00fccklich angeforderter Werbung und Informationsmaterialien wird hiermit widersprochen. Die Betreiber der Seiten behalten sich ausdr\u00fccklich rechtliche Schritte im Falle der unverlangten Zusendung von Werbeinformationen, etwa durch Spam-E-Mails, vor.<\/p>\n<p>Quelle: erecht24.de<\/p>\n<p>\u00a9 Copyright 2018 \u2013 Alle Inhalte, insbesondere Texte, Fotografien und Grafiken sind urheberrechtlich gesch\u00fctzt. Alle Rechte, einschlie\u00dflich der Vervielf\u00e4ltigung, Ver\u00f6ffentlichung, Bearbeitung und \u00dcbersetzung, bleiben vorbehalten, DAAN Designstudio.<\/p>\n<p>Wer gegen das Urheberrecht verst\u00f6\u00dft (z.B. Bilder oder Texte unerlaubt kopiert), macht sich gem. \u00a7\u00a7 106 ff UrhG strafbar, wird zudem kostenpflichtig abgemahnt und muss Schadensersatz leisten (\u00a7 97 UrhG).<\/p>\n<p>[\/et_pb_text][et_pb_divider show_divider=&#8220;off&#8220; admin_label=&#8220;Teiler 10px&#8220; _builder_version=&#8220;4.16&#8243; height=&#8220;0px&#8220; custom_padding=&#8220;10px|||&#8220; global_colors_info=&#8220;{}&#8220;][\/et_pb_divider][et_pb_text admin_label=&#8220;DE\/EN&#8220; _builder_version=&#8220;4.16&#8243; text_orientation=&#8220;right&#8220; animation_style=&#8220;slide&#8220; animation_direction=&#8220;bottom&#8220; animation_delay=&#8220;1000ms&#8220; global_colors_info=&#8220;{}&#8220;]<strong>DE<\/strong>\u00a0\u00a0|\u00a0\u00a0<a href=\"\/daanstudio\/datenschutz-en\/\">EN<\/a><br \/>\n[\/et_pb_text][\/et_pb_column][\/et_pb_row][\/et_pb_section]<\/p>\n","protected":false},"excerpt":{"rendered":"<p>ABOUT DAAN KOLLEKTION NEWS KONTAKT IMPRESSUM\u00a0\u00a0&#8211; DATENSCHUTZ\u00a0\u00a0+ AGB\/AVG\u00a0\u00a0&#8211; COPYRIGHT\u00a0\u00a0&#8211; DAAN DesignstudioDamir AntolovicFellbacher Str. 4670327 Stuttgart Mobil\u00a0\u00a0\u00a0 +49.159 065 930 71E-Mail\u00a0\u00a0\u00a0info@daanstudio.com Datenschutzerkl\u00e4rung Datenschutz Die Betreiber dieser Seiten nehmen den Schutz Ihrer pers\u00f6nlichen Daten sehr ernst. Wir behandeln Ihre personenbezogenen Daten vertraulich und entsprechend der gesetzlichen Datenschutzvorschriften sowie dieser Datenschutzerkl\u00e4rung. Die Nutzung unserer Webseite ist in der [&hellip;]<\/p>\n","protected":false},"author":1,"featured_media":0,"parent":0,"menu_order":0,"comment_status":"closed","ping_status":"closed","template":"page-template-blank.php","meta":{"_et_pb_use_builder":"on","_et_pb_old_content":"","_et_gb_content_width":"","footnotes":""},"class_list":["post-1281","page","type-page","status-publish","hentry"],"yoast_head":"<!-- This site is optimized with the Yoast SEO plugin v27.4 - https:\/\/yoast.com\/product\/yoast-seo-wordpress\/ -->\n<title>Datenschutz-DE - DAAN DESIGN STUDIO<\/title>\n<meta name=\"description\" content=\"Datenschutz\" \/>\n<meta name=\"robots\" content=\"index, follow, max-snippet:-1, max-image-preview:large, max-video-preview:-1\" \/>\n<link rel=\"canonical\" href=\"https:\/\/daanstudio.com\/daanstudio\/datenschutz\/\" \/>\n<meta property=\"og:locale\" content=\"de_DE\" \/>\n<meta property=\"og:type\" content=\"article\" \/>\n<meta property=\"og:title\" content=\"Datenschutz-DE - DAAN DESIGN STUDIO\" \/>\n<meta property=\"og:description\" content=\"Datenschutz\" \/>\n<meta property=\"og:url\" content=\"https:\/\/daanstudio.com\/daanstudio\/datenschutz\/\" \/>\n<meta property=\"og:site_name\" content=\"DAAN DESIGN STUDIO\" \/>\n<meta property=\"article:publisher\" content=\"https:\/\/www.facebook.com\/DAAN-designstudio-103754066324390\/\" \/>\n<meta property=\"article:modified_time\" content=\"2024-08-14T06:39:44+00:00\" \/>\n<meta name=\"twitter:card\" content=\"summary_large_image\" \/>\n<meta name=\"twitter:label1\" content=\"Gesch\u00e4tzte Lesezeit\" \/>\n\t<meta name=\"twitter:data1\" content=\"6\u00a0Minuten\" \/>\n<script type=\"application\/ld+json\" class=\"yoast-schema-graph\">{\"@context\":\"https:\\\/\\\/schema.org\",\"@graph\":[{\"@type\":\"WebPage\",\"@id\":\"https:\\\/\\\/daanstudio.com\\\/daanstudio\\\/datenschutz\\\/\",\"url\":\"https:\\\/\\\/daanstudio.com\\\/daanstudio\\\/datenschutz\\\/\",\"name\":\"Datenschutz-DE - DAAN DESIGN STUDIO\",\"isPartOf\":{\"@id\":\"https:\\\/\\\/daanstudio.com\\\/daanstudio\\\/#website\"},\"datePublished\":\"2018-01-21T11:01:27+00:00\",\"dateModified\":\"2024-08-14T06:39:44+00:00\",\"description\":\"Datenschutz\",\"breadcrumb\":{\"@id\":\"https:\\\/\\\/daanstudio.com\\\/daanstudio\\\/datenschutz\\\/#breadcrumb\"},\"inLanguage\":\"de\",\"potentialAction\":[{\"@type\":\"ReadAction\",\"target\":[\"https:\\\/\\\/daanstudio.com\\\/daanstudio\\\/datenschutz\\\/\"]}]},{\"@type\":\"BreadcrumbList\",\"@id\":\"https:\\\/\\\/daanstudio.com\\\/daanstudio\\\/datenschutz\\\/#breadcrumb\",\"itemListElement\":[{\"@type\":\"ListItem\",\"position\":1,\"name\":\"Startseite\",\"item\":\"https:\\\/\\\/daanstudio.com\\\/daanstudio\\\/\"},{\"@type\":\"ListItem\",\"position\":2,\"name\":\"Datenschutz-DE\"}]},{\"@type\":\"WebSite\",\"@id\":\"https:\\\/\\\/daanstudio.com\\\/daanstudio\\\/#website\",\"url\":\"https:\\\/\\\/daanstudio.com\\\/daanstudio\\\/\",\"name\":\"DAAN DESIGN STUDIO\",\"description\":\"Designer\",\"publisher\":{\"@id\":\"https:\\\/\\\/daanstudio.com\\\/daanstudio\\\/#organization\"},\"potentialAction\":[{\"@type\":\"SearchAction\",\"target\":{\"@type\":\"EntryPoint\",\"urlTemplate\":\"https:\\\/\\\/daanstudio.com\\\/daanstudio\\\/?s={search_term_string}\"},\"query-input\":{\"@type\":\"PropertyValueSpecification\",\"valueRequired\":true,\"valueName\":\"search_term_string\"}}],\"inLanguage\":\"de\"},{\"@type\":\"Organization\",\"@id\":\"https:\\\/\\\/daanstudio.com\\\/daanstudio\\\/#organization\",\"name\":\"DAAN | Design Studio - Damir Antolovic\",\"url\":\"https:\\\/\\\/daanstudio.com\\\/daanstudio\\\/\",\"logo\":{\"@type\":\"ImageObject\",\"inLanguage\":\"de\",\"@id\":\"https:\\\/\\\/daanstudio.com\\\/daanstudio\\\/#\\\/schema\\\/logo\\\/image\\\/\",\"url\":\"https:\\\/\\\/daanstudio.com\\\/daanstudio\\\/wp-content\\\/uploads\\\/2017\\\/12\\\/daan_designstudio_logo.jpg\",\"contentUrl\":\"https:\\\/\\\/daanstudio.com\\\/daanstudio\\\/wp-content\\\/uploads\\\/2017\\\/12\\\/daan_designstudio_logo.jpg\",\"width\":212,\"height\":36,\"caption\":\"DAAN | Design Studio - Damir Antolovic\"},\"image\":{\"@id\":\"https:\\\/\\\/daanstudio.com\\\/daanstudio\\\/#\\\/schema\\\/logo\\\/image\\\/\"},\"sameAs\":[\"https:\\\/\\\/www.facebook.com\\\/DAAN-designstudio-103754066324390\\\/\"]}]}<\/script>\n<!-- \/ Yoast SEO plugin. -->","yoast_head_json":{"title":"Datenschutz-DE - DAAN DESIGN STUDIO","description":"Datenschutz","robots":{"index":"index","follow":"follow","max-snippet":"max-snippet:-1","max-image-preview":"max-image-preview:large","max-video-preview":"max-video-preview:-1"},"canonical":"https:\/\/daanstudio.com\/daanstudio\/datenschutz\/","og_locale":"de_DE","og_type":"article","og_title":"Datenschutz-DE - DAAN DESIGN STUDIO","og_description":"Datenschutz","og_url":"https:\/\/daanstudio.com\/daanstudio\/datenschutz\/","og_site_name":"DAAN DESIGN STUDIO","article_publisher":"https:\/\/www.facebook.com\/DAAN-designstudio-103754066324390\/","article_modified_time":"2024-08-14T06:39:44+00:00","twitter_card":"summary_large_image","twitter_misc":{"Gesch\u00e4tzte Lesezeit":"6\u00a0Minuten"},"schema":{"@context":"https:\/\/schema.org","@graph":[{"@type":"WebPage","@id":"https:\/\/daanstudio.com\/daanstudio\/datenschutz\/","url":"https:\/\/daanstudio.com\/daanstudio\/datenschutz\/","name":"Datenschutz-DE - DAAN DESIGN STUDIO","isPartOf":{"@id":"https:\/\/daanstudio.com\/daanstudio\/#website"},"datePublished":"2018-01-21T11:01:27+00:00","dateModified":"2024-08-14T06:39:44+00:00","description":"Datenschutz","breadcrumb":{"@id":"https:\/\/daanstudio.com\/daanstudio\/datenschutz\/#breadcrumb"},"inLanguage":"de","potentialAction":[{"@type":"ReadAction","target":["https:\/\/daanstudio.com\/daanstudio\/datenschutz\/"]}]},{"@type":"BreadcrumbList","@id":"https:\/\/daanstudio.com\/daanstudio\/datenschutz\/#breadcrumb","itemListElement":[{"@type":"ListItem","position":1,"name":"Startseite","item":"https:\/\/daanstudio.com\/daanstudio\/"},{"@type":"ListItem","position":2,"name":"Datenschutz-DE"}]},{"@type":"WebSite","@id":"https:\/\/daanstudio.com\/daanstudio\/#website","url":"https:\/\/daanstudio.com\/daanstudio\/","name":"DAAN DESIGN STUDIO","description":"Designer","publisher":{"@id":"https:\/\/daanstudio.com\/daanstudio\/#organization"},"potentialAction":[{"@type":"SearchAction","target":{"@type":"EntryPoint","urlTemplate":"https:\/\/daanstudio.com\/daanstudio\/?s={search_term_string}"},"query-input":{"@type":"PropertyValueSpecification","valueRequired":true,"valueName":"search_term_string"}}],"inLanguage":"de"},{"@type":"Organization","@id":"https:\/\/daanstudio.com\/daanstudio\/#organization","name":"DAAN | Design Studio - Damir Antolovic","url":"https:\/\/daanstudio.com\/daanstudio\/","logo":{"@type":"ImageObject","inLanguage":"de","@id":"https:\/\/daanstudio.com\/daanstudio\/#\/schema\/logo\/image\/","url":"https:\/\/daanstudio.com\/daanstudio\/wp-content\/uploads\/2017\/12\/daan_designstudio_logo.jpg","contentUrl":"https:\/\/daanstudio.com\/daanstudio\/wp-content\/uploads\/2017\/12\/daan_designstudio_logo.jpg","width":212,"height":36,"caption":"DAAN | Design Studio - Damir Antolovic"},"image":{"@id":"https:\/\/daanstudio.com\/daanstudio\/#\/schema\/logo\/image\/"},"sameAs":["https:\/\/www.facebook.com\/DAAN-designstudio-103754066324390\/"]}]}},"_links":{"self":[{"href":"https:\/\/daanstudio.com\/daanstudio\/wp-json\/wp\/v2\/pages\/1281","targetHints":{"allow":["GET"]}}],"collection":[{"href":"https:\/\/daanstudio.com\/daanstudio\/wp-json\/wp\/v2\/pages"}],"about":[{"href":"https:\/\/daanstudio.com\/daanstudio\/wp-json\/wp\/v2\/types\/page"}],"author":[{"embeddable":true,"href":"https:\/\/daanstudio.com\/daanstudio\/wp-json\/wp\/v2\/users\/1"}],"replies":[{"embeddable":true,"href":"https:\/\/daanstudio.com\/daanstudio\/wp-json\/wp\/v2\/comments?post=1281"}],"version-history":[{"count":7,"href":"https:\/\/daanstudio.com\/daanstudio\/wp-json\/wp\/v2\/pages\/1281\/revisions"}],"predecessor-version":[{"id":2064,"href":"https:\/\/daanstudio.com\/daanstudio\/wp-json\/wp\/v2\/pages\/1281\/revisions\/2064"}],"wp:attachment":[{"href":"https:\/\/daanstudio.com\/daanstudio\/wp-json\/wp\/v2\/media?parent=1281"}],"curies":[{"name":"wp","href":"https:\/\/api.w.org\/{rel}","templated":true}]}}