{"id":1289,"date":"2018-01-21T12:03:42","date_gmt":"2018-01-21T11:03:42","guid":{"rendered":"http:\/\/daanstudio.com\/daanstudio\/?page_id=1289"},"modified":"2018-06-05T14:05:38","modified_gmt":"2018-06-05T12:05:38","slug":"copyright-de","status":"publish","type":"page","link":"https:\/\/daanstudio.com\/daanstudio\/copyright-de\/","title":{"rendered":"Copyright-DE"},"content":{"rendered":"<p>[et_pb_section bb_built=&#8220;1&#8243; _builder_version=&#8220;3.0.89&#8243; background_color=&#8220;#000000&#8243;][et_pb_row _builder_version=&#8220;3.0.92&#8243; animation_style=&#8220;slide&#8220; animation_direction=&#8220;top&#8220; background_position=&#8220;top_left&#8220; background_repeat=&#8220;repeat&#8220; background_size=&#8220;initial&#8220;][et_pb_column type=&#8220;1_4&#8243;][et_pb_divider _builder_version=&#8220;3.0.92&#8243; height=&#8220;30px&#8220; \/][et_pb_image _builder_version=&#8220;3.0.92&#8243; src=&#8220;https:\/\/daanstudio.com\/daanstudio\/wp-content\/uploads\/2017\/12\/daan_designstudio_logo.jpg&#8220; show_in_lightbox=&#8220;off&#8220; url_new_window=&#8220;off&#8220; use_overlay=&#8220;off&#8220; always_center_on_mobile=&#8220;on&#8220; force_fullwidth=&#8220;off&#8220; show_bottom_space=&#8220;on&#8220; align=&#8220;right&#8220; url=&#8220;\/daanstudio\/&#8220; \/][\/et_pb_column][et_pb_column type=&#8220;3_4&#8243;][\/et_pb_column][\/et_pb_row][et_pb_row _builder_version=&#8220;3.0.97&#8243; background_position=&#8220;top_left&#8220; background_repeat=&#8220;repeat&#8220; background_size=&#8220;initial&#8220;][et_pb_column type=&#8220;1_4&#8243;][et_pb_text admin_label=&#8220;MEN\u00dc KONTAKT&#8220; _builder_version=&#8220;3.0.97&#8243; background_layout=&#8220;light&#8220; text_line_height=&#8220;1em&#8220; animation_style=&#8220;slide&#8220; animation_direction=&#8220;left&#8220; animation_duration=&#8220;2000ms&#8220; text_font_size=&#8220;12px&#8220; text_letter_spacing=&#8220;1px&#8220; custom_padding=&#8220;0px|||&#8220;]<\/p>\n<style>a:hover { background-color: #a3a3a3; color: black; }<\/style>\n<p style=\"text-align: right;\"><a href=\"\/daanstudio\/about\/\">ABOUT DAAN<\/a><\/p>\n<p style=\"text-align: right;\"><a href=\"\/daanstudio\/collection\/\">KOLLEKTION<\/a><\/p>\n<p style=\"text-align: right;\"><a href=\"\/daanstudio\/news\/\">NEWS<\/a><\/p>\n<p style=\"text-align: right;\"><a href=\"\/daanstudio\/contact\/\">KONTAKT<\/a><\/p>\n<p style=\"text-align: right;\"><a href=\"\/daanstudio\/impressum\/\">IMPRESSUM&nbsp;&nbsp;&#8211;<\/a><\/p>\n<p style=\"text-align: right;\"><a href=\"\/daanstudio\/datenschutz\/\">DATENSCHUTZ&nbsp;&nbsp;&#8211;<\/a><\/p>\n<p style=\"text-align: right;\"><a href=\"\/daanstudio\/avg\/\">AGB\/AVG&nbsp;&nbsp;&#8211;<\/a><\/p>\n<p style=\"text-align: right;\"><strong>COPYRIGHT&nbsp;&nbsp;+<\/strong><\/p>\n<p>[\/et_pb_text][\/et_pb_column][et_pb_column type=&#8220;3_4&#8243;][et_pb_text admin_label=&#8220;DAAN Designstudio&#8220; _builder_version=&#8220;3.0.97&#8243; background_layout=&#8220;light&#8220; animation_style=&#8220;slide&#8220; animation_direction=&#8220;bottom&#8220; animation_delay=&#8220;1000ms&#8220; text_text_color=&#8220;#a3a3a3&#8243; header_text_color=&#8220;#a3a3a3&#8243; header_text_align=&#8220;left&#8220; custom_padding=&#8220;0px||20px|50px&#8220; text_font_size=&#8220;12px&#8220; text_letter_spacing=&#8220;1px&#8220; custom_margin=&#8220;0px|||&#8220; header_font_size=&#8220;1px&#8220; custom_margin_last_edited=&#8220;on|desktop&#8220; custom_padding_last_edited=&#8220;on|desktop&#8220; text_line_height=&#8220;1.3em&#8220; text_font_size_last_edited=&#8220;on|desktop&#8220; text_letter_spacing_last_edited=&#8220;on|phone&#8220; text_line_height_tablet=&#8220;1em&#8220; text_line_height_last_edited=&#8220;on|desktop&#8220; custom_padding_tablet=&#8220;10px||20px|0px&#8220;]<\/p>\n<p><strong>DAAN Designstudio<\/strong><br \/>\nDamir Antolovic<\/p>\n<p>Copyrighthinweise<\/p>\n<p>[\/et_pb_text][et_pb_text admin_label=&#8220;Copyright 2018&#8243; _builder_version=&#8220;3.0.97&#8243; background_layout=&#8220;light&#8220; animation_style=&#8220;slide&#8220; animation_direction=&#8220;bottom&#8220; animation_delay=&#8220;1000ms&#8220; text_text_color=&#8220;#a3a3a3&#8243; header_text_color=&#8220;#a3a3a3&#8243; header_text_align=&#8220;left&#8220; custom_padding=&#8220;|||50px&#8220; text_font_size=&#8220;13px&#8220; custom_padding_tablet=&#8220;|||0px&#8220; custom_padding_last_edited=&#8220;on|desktop&#8220;]<\/p>\n<p>Fotografie<br \/>\nPeter Franck &#8211;&nbsp;<a href=\"http:\/\/www.peterfranck.de\/\" target=\"_blank\" rel=\"noopener\">www.peterfranck.de<\/a><\/p>\n<p>\u00a9 Copyright 2018 \u2013 Alle Inhalte, insbesondere Texte, Fotografien und Grafiken, sind urheberrechtlich gesch\u00fctzt. Alle Rechte, einschlie\u00dflich der Vervielf\u00e4ltigung, Ver\u00f6ffentlichung, Bearbeitung und \u00dcbersetzung, bleiben vorbehalten, DAAN Designstudio.<\/p>\n<p>Wer gegen das Urheberrecht verst\u00f6\u00dft (z.B. Bilder oder Texte unerlaubt kopiert), macht sich gem. \u00a7\u00a7 106 ff UrhG strafbar, wird zudem kostenpflichtig abgemahnt und muss Schadensersatz leisten (\u00a7 97 UrhG).<\/p>\n<p>[\/et_pb_text][et_pb_divider admin_label=&#8220;Teiler 10px&#8220; _builder_version=&#8220;3.0.97&#8243; height=&#8220;0px&#8220; custom_padding=&#8220;10px|||&#8220; \/][et_pb_text admin_label=&#8220;DE\/EN&#8220; _builder_version=&#8220;3.0.97&#8243; background_layout=&#8220;light&#8220; text_orientation=&#8220;right&#8220; animation_style=&#8220;slide&#8220; animation_direction=&#8220;bottom&#8220; animation_delay=&#8220;1000ms&#8220;]<\/p>\n<p><strong>DE<\/strong>&nbsp;&nbsp;|&nbsp;&nbsp;<a href=\"\/daanstudio\/copyright-en\/\">EN<\/a><\/p>\n<p>[\/et_pb_text][\/et_pb_column][\/et_pb_row][\/et_pb_section]<\/p>\n","protected":false},"excerpt":{"rendered":"<p>ABOUT DAAN KOLLEKTION NEWS KONTAKT IMPRESSUM&nbsp;&nbsp;&#8211; DATENSCHUTZ&nbsp;&nbsp;&#8211; AGB\/AVG&nbsp;&nbsp;&#8211; COPYRIGHT&nbsp;&nbsp;+ DAAN Designstudio Damir Antolovic Copyrighthinweise Fotografie Peter Franck &#8211;&nbsp;www.peterfranck.de \u00a9 Copyright 2018 \u2013 Alle Inhalte, insbesondere Texte, Fotografien und Grafiken, sind urheberrechtlich gesch\u00fctzt. Alle Rechte, einschlie\u00dflich der Vervielf\u00e4ltigung, Ver\u00f6ffentlichung, Bearbeitung und \u00dcbersetzung, bleiben vorbehalten, DAAN Designstudio. Wer gegen das Urheberrecht verst\u00f6\u00dft (z.B. Bilder oder Texte unerlaubt [&hellip;]<\/p>\n","protected":false},"author":1,"featured_media":0,"parent":0,"menu_order":0,"comment_status":"closed","ping_status":"closed","template":"page-template-blank.php","meta":{"_et_pb_use_builder":"on","_et_pb_old_content":"","_et_gb_content_width":"","footnotes":""},"class_list":["post-1289","page","type-page","status-publish","hentry"],"yoast_head":"<!-- This site is optimized with the Yoast SEO plugin v27.6 - https:\/\/yoast.com\/product\/yoast-seo-wordpress\/ -->\n<title>Copyright-DE - DAAN DESIGN STUDIO<\/title>\n<meta name=\"description\" content=\"Copyright\" \/>\n<meta name=\"robots\" content=\"index, follow, max-snippet:-1, max-image-preview:large, max-video-preview:-1\" \/>\n<link rel=\"canonical\" href=\"https:\/\/daanstudio.com\/daanstudio\/copyright-de\/\" \/>\n<meta property=\"og:locale\" content=\"de_DE\" \/>\n<meta property=\"og:type\" content=\"article\" \/>\n<meta property=\"og:title\" content=\"Copyright-DE - DAAN DESIGN STUDIO\" \/>\n<meta property=\"og:description\" content=\"Copyright\" \/>\n<meta property=\"og:url\" content=\"https:\/\/daanstudio.com\/daanstudio\/copyright-de\/\" \/>\n<meta property=\"og:site_name\" content=\"DAAN DESIGN STUDIO\" \/>\n<meta property=\"article:publisher\" content=\"https:\/\/www.facebook.com\/DAAN-designstudio-103754066324390\/\" \/>\n<meta property=\"article:modified_time\" content=\"2018-06-05T12:05:38+00:00\" \/>\n<meta name=\"twitter:card\" content=\"summary_large_image\" \/>\n<meta name=\"twitter:label1\" content=\"Gesch\u00e4tzte Lesezeit\" \/>\n\t<meta name=\"twitter:data1\" content=\"2\u00a0Minuten\" \/>\n<script type=\"application\/ld+json\" class=\"yoast-schema-graph\">{\"@context\":\"https:\\\/\\\/schema.org\",\"@graph\":[{\"@type\":\"WebPage\",\"@id\":\"https:\\\/\\\/daanstudio.com\\\/daanstudio\\\/copyright-de\\\/\",\"url\":\"https:\\\/\\\/daanstudio.com\\\/daanstudio\\\/copyright-de\\\/\",\"name\":\"Copyright-DE - DAAN DESIGN STUDIO\",\"isPartOf\":{\"@id\":\"https:\\\/\\\/daanstudio.com\\\/daanstudio\\\/#website\"},\"datePublished\":\"2018-01-21T11:03:42+00:00\",\"dateModified\":\"2018-06-05T12:05:38+00:00\",\"description\":\"Copyright\",\"breadcrumb\":{\"@id\":\"https:\\\/\\\/daanstudio.com\\\/daanstudio\\\/copyright-de\\\/#breadcrumb\"},\"inLanguage\":\"de\",\"potentialAction\":[{\"@type\":\"ReadAction\",\"target\":[\"https:\\\/\\\/daanstudio.com\\\/daanstudio\\\/copyright-de\\\/\"]}]},{\"@type\":\"BreadcrumbList\",\"@id\":\"https:\\\/\\\/daanstudio.com\\\/daanstudio\\\/copyright-de\\\/#breadcrumb\",\"itemListElement\":[{\"@type\":\"ListItem\",\"position\":1,\"name\":\"Startseite\",\"item\":\"https:\\\/\\\/daanstudio.com\\\/daanstudio\\\/\"},{\"@type\":\"ListItem\",\"position\":2,\"name\":\"Copyright-DE\"}]},{\"@type\":\"WebSite\",\"@id\":\"https:\\\/\\\/daanstudio.com\\\/daanstudio\\\/#website\",\"url\":\"https:\\\/\\\/daanstudio.com\\\/daanstudio\\\/\",\"name\":\"DAAN DESIGN STUDIO\",\"description\":\"Designer\",\"publisher\":{\"@id\":\"https:\\\/\\\/daanstudio.com\\\/daanstudio\\\/#organization\"},\"potentialAction\":[{\"@type\":\"SearchAction\",\"target\":{\"@type\":\"EntryPoint\",\"urlTemplate\":\"https:\\\/\\\/daanstudio.com\\\/daanstudio\\\/?s={search_term_string}\"},\"query-input\":{\"@type\":\"PropertyValueSpecification\",\"valueRequired\":true,\"valueName\":\"search_term_string\"}}],\"inLanguage\":\"de\"},{\"@type\":\"Organization\",\"@id\":\"https:\\\/\\\/daanstudio.com\\\/daanstudio\\\/#organization\",\"name\":\"DAAN | Design Studio - Damir Antolovic\",\"url\":\"https:\\\/\\\/daanstudio.com\\\/daanstudio\\\/\",\"logo\":{\"@type\":\"ImageObject\",\"inLanguage\":\"de\",\"@id\":\"https:\\\/\\\/daanstudio.com\\\/daanstudio\\\/#\\\/schema\\\/logo\\\/image\\\/\",\"url\":\"https:\\\/\\\/daanstudio.com\\\/daanstudio\\\/wp-content\\\/uploads\\\/2017\\\/12\\\/daan_designstudio_logo.jpg\",\"contentUrl\":\"https:\\\/\\\/daanstudio.com\\\/daanstudio\\\/wp-content\\\/uploads\\\/2017\\\/12\\\/daan_designstudio_logo.jpg\",\"width\":212,\"height\":36,\"caption\":\"DAAN | Design Studio - Damir Antolovic\"},\"image\":{\"@id\":\"https:\\\/\\\/daanstudio.com\\\/daanstudio\\\/#\\\/schema\\\/logo\\\/image\\\/\"},\"sameAs\":[\"https:\\\/\\\/www.facebook.com\\\/DAAN-designstudio-103754066324390\\\/\"]}]}<\/script>\n<!-- \/ Yoast SEO plugin. -->","yoast_head_json":{"title":"Copyright-DE - DAAN DESIGN STUDIO","description":"Copyright","robots":{"index":"index","follow":"follow","max-snippet":"max-snippet:-1","max-image-preview":"max-image-preview:large","max-video-preview":"max-video-preview:-1"},"canonical":"https:\/\/daanstudio.com\/daanstudio\/copyright-de\/","og_locale":"de_DE","og_type":"article","og_title":"Copyright-DE - DAAN DESIGN STUDIO","og_description":"Copyright","og_url":"https:\/\/daanstudio.com\/daanstudio\/copyright-de\/","og_site_name":"DAAN DESIGN STUDIO","article_publisher":"https:\/\/www.facebook.com\/DAAN-designstudio-103754066324390\/","article_modified_time":"2018-06-05T12:05:38+00:00","twitter_card":"summary_large_image","twitter_misc":{"Gesch\u00e4tzte Lesezeit":"2\u00a0Minuten"},"schema":{"@context":"https:\/\/schema.org","@graph":[{"@type":"WebPage","@id":"https:\/\/daanstudio.com\/daanstudio\/copyright-de\/","url":"https:\/\/daanstudio.com\/daanstudio\/copyright-de\/","name":"Copyright-DE - DAAN DESIGN STUDIO","isPartOf":{"@id":"https:\/\/daanstudio.com\/daanstudio\/#website"},"datePublished":"2018-01-21T11:03:42+00:00","dateModified":"2018-06-05T12:05:38+00:00","description":"Copyright","breadcrumb":{"@id":"https:\/\/daanstudio.com\/daanstudio\/copyright-de\/#breadcrumb"},"inLanguage":"de","potentialAction":[{"@type":"ReadAction","target":["https:\/\/daanstudio.com\/daanstudio\/copyright-de\/"]}]},{"@type":"BreadcrumbList","@id":"https:\/\/daanstudio.com\/daanstudio\/copyright-de\/#breadcrumb","itemListElement":[{"@type":"ListItem","position":1,"name":"Startseite","item":"https:\/\/daanstudio.com\/daanstudio\/"},{"@type":"ListItem","position":2,"name":"Copyright-DE"}]},{"@type":"WebSite","@id":"https:\/\/daanstudio.com\/daanstudio\/#website","url":"https:\/\/daanstudio.com\/daanstudio\/","name":"DAAN DESIGN STUDIO","description":"Designer","publisher":{"@id":"https:\/\/daanstudio.com\/daanstudio\/#organization"},"potentialAction":[{"@type":"SearchAction","target":{"@type":"EntryPoint","urlTemplate":"https:\/\/daanstudio.com\/daanstudio\/?s={search_term_string}"},"query-input":{"@type":"PropertyValueSpecification","valueRequired":true,"valueName":"search_term_string"}}],"inLanguage":"de"},{"@type":"Organization","@id":"https:\/\/daanstudio.com\/daanstudio\/#organization","name":"DAAN | Design Studio - Damir Antolovic","url":"https:\/\/daanstudio.com\/daanstudio\/","logo":{"@type":"ImageObject","inLanguage":"de","@id":"https:\/\/daanstudio.com\/daanstudio\/#\/schema\/logo\/image\/","url":"https:\/\/daanstudio.com\/daanstudio\/wp-content\/uploads\/2017\/12\/daan_designstudio_logo.jpg","contentUrl":"https:\/\/daanstudio.com\/daanstudio\/wp-content\/uploads\/2017\/12\/daan_designstudio_logo.jpg","width":212,"height":36,"caption":"DAAN | Design Studio - Damir Antolovic"},"image":{"@id":"https:\/\/daanstudio.com\/daanstudio\/#\/schema\/logo\/image\/"},"sameAs":["https:\/\/www.facebook.com\/DAAN-designstudio-103754066324390\/"]}]}},"_links":{"self":[{"href":"https:\/\/daanstudio.com\/daanstudio\/wp-json\/wp\/v2\/pages\/1289","targetHints":{"allow":["GET"]}}],"collection":[{"href":"https:\/\/daanstudio.com\/daanstudio\/wp-json\/wp\/v2\/pages"}],"about":[{"href":"https:\/\/daanstudio.com\/daanstudio\/wp-json\/wp\/v2\/types\/page"}],"author":[{"embeddable":true,"href":"https:\/\/daanstudio.com\/daanstudio\/wp-json\/wp\/v2\/users\/1"}],"replies":[{"embeddable":true,"href":"https:\/\/daanstudio.com\/daanstudio\/wp-json\/wp\/v2\/comments?post=1289"}],"version-history":[{"count":6,"href":"https:\/\/daanstudio.com\/daanstudio\/wp-json\/wp\/v2\/pages\/1289\/revisions"}],"predecessor-version":[{"id":1316,"href":"https:\/\/daanstudio.com\/daanstudio\/wp-json\/wp\/v2\/pages\/1289\/revisions\/1316"}],"wp:attachment":[{"href":"https:\/\/daanstudio.com\/daanstudio\/wp-json\/wp\/v2\/media?parent=1289"}],"curies":[{"name":"wp","href":"https:\/\/api.w.org\/{rel}","templated":true}]}}