{"id":184,"date":"2017-12-28T00:21:43","date_gmt":"2017-12-27T23:21:43","guid":{"rendered":"http:\/\/daanstudio.com\/daanstudio\/?page_id=184"},"modified":"2018-06-26T09:19:09","modified_gmt":"2018-06-26T07:19:09","slug":"about","status":"publish","type":"page","link":"https:\/\/daanstudio.com\/daanstudio\/about\/","title":{"rendered":"About DE"},"content":{"rendered":"<p>[et_pb_section bb_built=&#8220;1&#8243; _builder_version=&#8220;3.5.1&#8243; background_color=&#8220;#000000&#8243;][et_pb_row _builder_version=&#8220;3.0.92&#8243; animation_style=&#8220;slide&#8220; animation_direction=&#8220;top&#8220; background_position=&#8220;top_left&#8220; background_repeat=&#8220;repeat&#8220; background_size=&#8220;initial&#8220;][et_pb_column type=&#8220;1_4&#8243;][et_pb_divider _builder_version=&#8220;3.0.92&#8243; height=&#8220;30px&#8220; color=&#8220;#ffffff&#8220; show_divider=&#8220;off&#8220; \/][et_pb_image admin_label=&#8220;Logo&#8220; _builder_version=&#8220;3.0.92&#8243; src=&#8220;https:\/\/daanstudio.com\/daanstudio\/wp-content\/uploads\/2017\/12\/daan_designstudio_logo.jpg&#8220; show_in_lightbox=&#8220;off&#8220; url_new_window=&#8220;off&#8220; use_overlay=&#8220;off&#8220; always_center_on_mobile=&#8220;on&#8220; force_fullwidth=&#8220;off&#8220; show_bottom_space=&#8220;on&#8220; align=&#8220;right&#8220; url=&#8220;\/daanstudio\/&#8220; \/][\/et_pb_column][et_pb_column type=&#8220;3_4&#8243;][\/et_pb_column][\/et_pb_row][et_pb_row _builder_version=&#8220;3.5.1&#8243; background_position=&#8220;top_left&#8220; background_repeat=&#8220;repeat&#8220; background_size=&#8220;initial&#8220; background_color=&#8220;#000000&#8243; background_color_1=&#8220;#000000&#8243; background_color_2=&#8220;#000000&#8243;][et_pb_column type=&#8220;1_4&#8243;][et_pb_text admin_label=&#8220;Men\u00fc&#8220; _builder_version=&#8220;3.5.1&#8243; text_line_height=&#8220;1.4em&#8220; animation_style=&#8220;slide&#8220; animation_direction=&#8220;left&#8220; animation_duration=&#8220;2000ms&#8220; text_font_size=&#8220;12px&#8220; text_letter_spacing=&#8220;1px&#8220; text_line_height_last_edited=&#8220;on|desktop&#8220; text_orientation=&#8220;right&#8220;]<\/p>\n<style>a:hover { background-color: #a3a3a3; color: black }<\/style>\n<p style=\"text-align: right;\"><strong>ABOUT DAAN<\/strong><\/p>\n<p style=\"text-align: right;\"><a href=\"\/daanstudio\/collection\/\">KOLLEKTION<\/a><\/p>\n<p style=\"text-align: right;\"><a href=\"\/daanstudio\/news\/\">NEWS<\/a><\/p>\n<p style=\"text-align: right;\"><a href=\"\/daanstudio\/contact\/\">KONTAKT<\/a><\/p>\n<p>[\/et_pb_text][et_pb_divider _builder_version=&#8220;3.5.1&#8243; show_divider=&#8220;off&#8220; height=&#8220;100px&#8220; \/][\/et_pb_column][et_pb_column type=&#8220;3_4&#8243;][et_pb_slider _builder_version=&#8220;3.5.1&#8243; show_arrows=&#8220;off&#8220; show_pagination=&#8220;off&#8220; background_image=&#8220;https:\/\/daanstudio.com\/daanstudio\/wp-content\/uploads\/2017\/12\/about.jpg&#8220; text_orientation=&#8220;left&#8220; header_text_align=&#8220;left&#8220; body_text_align=&#8220;left&#8220; background_position=&#8220;top_left&#8220; animation_style=&#8220;fade&#8220; animation_direction=&#8220;right&#8220; animation_delay=&#8220;500ms&#8220; background_size=&#8220;contain&#8220; box_shadow_horizontal=&#8220;0px&#8220; box_shadow_vertical=&#8220;0px&#8220; box_shadow_blur=&#8220;10px&#8220; box_shadow_spread=&#8220;0px&#8220; box_shadow_position=&#8220;inner&#8220; box_shadow_color=&#8220;rgba(0,0,0,0.1)&#8220; background_color=&#8220;#000000&#8243;][et_pb_slide _builder_version=&#8220;3.5.1&#8243; use_background_color_gradient=&#8220;off&#8220; background_color_gradient_start=&#8220;#2b87da&#8220; background_color_gradient_end=&#8220;#29c4a9&#8243; background_color_gradient_type=&#8220;linear&#8220; background_color_gradient_direction=&#8220;180deg&#8220; background_color_gradient_direction_radial=&#8220;center&#8220; background_color_gradient_start_position=&#8220;0%&#8220; background_color_gradient_end_position=&#8220;100%&#8220; background_color_gradient_overlays_image=&#8220;off&#8220; parallax=&#8220;off&#8220; parallax_method=&#8220;on&#8220; background_size=&#8220;cover&#8220; background_position=&#8220;center&#8220; background_repeat=&#8220;no-repeat&#8220; background_blend=&#8220;normal&#8220; allow_player_pause=&#8220;off&#8220; use_bg_overlay=&#8220;off&#8220; use_text_overlay=&#8220;off&#8220; text_border_radius=&#8220;3&#8243; alignment=&#8220;center&#8220; child_filter_hue_rotate=&#8220;0deg&#8220; child_filter_saturate=&#8220;100%&#8220; child_filter_brightness=&#8220;100%&#8220; child_filter_contrast=&#8220;100%&#8220; child_filter_invert=&#8220;0%&#8220; child_filter_sepia=&#8220;0%&#8220; child_filter_opacity=&#8220;100%&#8220; child_filter_blur=&#8220;0px&#8220; child_mix_blend_mode=&#8220;normal&#8220; background_layout=&#8220;dark&#8220; body_font_size=&#8220;12&#8243; body_font_size_tablet=&#8220;10&#8243; body_font_size_phone=&#8220;10&#8243; body_line_height=&#8220;1.3em&#8220; body_line_height_tablet=&#8220;1em&#8220; body_line_height_phone=&#8220;1em&#8220; body_text_color=&#8220;#a3a3a3&#8243; body_font=&#8220;|600|||||||&#8220; body_letter_spacing=&#8220;1px&#8220; body_letter_spacing_tablet=&#8220;1px&#8220; body_letter_spacing_phone=&#8220;1px&#8220; body_font_size_last_edited=&#8220;on|phone&#8220; custom_button=&#8220;off&#8220; button_bg_use_color_gradient=&#8220;off&#8220; button_bg_color_gradient_overlays_image=&#8220;off&#8220; button_use_icon=&#8220;on&#8220; button_on_hover=&#8220;on&#8220; custom_padding_last_edited=&#8220;on|phone&#8220; text_shadow_style=&#8220;none&#8220; header_text_shadow_style=&#8220;none&#8220; body_text_shadow_style=&#8220;none&#8220; button_text_shadow_style=&#8220;none&#8220; box_shadow_style_button=&#8220;none&#8220; text_shadow_horizontal_length=&#8220;0em&#8220; text_shadow_vertical_length=&#8220;0em&#8220; text_shadow_blur_strength=&#8220;0em&#8220; header_text_shadow_horizontal_length=&#8220;0em&#8220; header_text_shadow_vertical_length=&#8220;0em&#8220; header_text_shadow_blur_strength=&#8220;0em&#8220; body_text_shadow_horizontal_length=&#8220;0em&#8220; body_text_shadow_vertical_length=&#8220;0em&#8220; body_text_shadow_blur_strength=&#8220;0em&#8220; button_text_shadow_horizontal_length=&#8220;0em&#8220; button_text_shadow_vertical_length=&#8220;0em&#8220; button_text_shadow_blur_strength=&#8220;0em&#8220; button_link=&#8220;#&#8220; background_color=&#8220;#000000&#8243; background_video_pause_outside_viewport=&#8220;on&#8220; custom_padding=&#8220;0px|375px|200px|0px&#8220; custom_padding_tablet=&#8220;|0px||0px&#8220; custom_padding_phone=&#8220;|0px||0px&#8220;]<\/p>\n<p>Das DAAN Designstudio konzentriert sich im Wesentlichen auf die Gestaltung von Unikatschmuck, Kleinserien und Accessoires aus hochwertigen Materialien. Das Studio entwirft f\u00fcr jeden Kunden individuell und fertigt die St\u00fccke in Handarbeit mit h\u00f6chster Pr\u00e4zision an.<\/p>\n<p>Die Kombinationen von klassischen und innovativen Elementen ergeben sich durch das pers\u00f6nliche Gespr\u00e4ch mit dem Kunden, um dessen Vorlieben, Interessen und pers\u00f6nliche Merkmale in die Gestaltung mit einflie\u00dfen zu lassen. Das Resultat l\u00e4sst ein Gef\u00fchl der Zusammengeh\u00f6rigkeit von Mensch und Objekt entstehen, wodurch erst der wahre Wert des Schmuckst\u00fccks zum Ausdruck kommt.<\/p>\n<p>Diese tiefgreifende und kundenorientierte Art der Arbeit l\u00e4sst sich sowohl auf Privatpersonen als auch auf Manufakturen und Institutionen aller Art projizieren, wodurch sich das Wirkungsfeld des Studios bis hin zur Produktgestaltung erstreckt. <\/p>\n<p>Innovation, Qualit\u00e4t und Verantwortung sind t\u00e4glicher Ansporn im Studio DAAN um hohe Erwartungen erf\u00fcllen zu k\u00f6nnen.<\/p>\n<p>Damir Antolovic<br \/>\n(Gesch\u00e4ftsf\u00fchrer\/Designer)<\/p>\n<p>[\/et_pb_slide][\/et_pb_slider][et_pb_text admin_label=&#8220;Sprache&#8220; _builder_version=&#8220;3.5.1&#8243; text_orientation=&#8220;right&#8220; animation_style=&#8220;slide&#8220; animation_direction=&#8220;bottom&#8220; animation_delay=&#8220;1000ms&#8220;]<\/p>\n<p><strong>DE<\/strong>&nbsp;&nbsp;|&nbsp;&nbsp;<a href=\"\/daanstudio\/about-en\/\">EN<\/a><\/p>\n<p>[\/et_pb_text][\/et_pb_column][\/et_pb_row][\/et_pb_section]<\/p>\n","protected":false},"excerpt":{"rendered":"<p>ABOUT DAAN KOLLEKTION NEWS KONTAKT Das DAAN Designstudio konzentriert sich im Wesentlichen auf die Gestaltung von Unikatschmuck, Kleinserien und Accessoires aus hochwertigen Materialien. Das Studio entwirft f\u00fcr jeden Kunden individuell und fertigt die St\u00fccke in Handarbeit mit h\u00f6chster Pr\u00e4zision an. Die Kombinationen von klassischen und innovativen Elementen ergeben sich durch das pers\u00f6nliche Gespr\u00e4ch mit dem [&hellip;]<\/p>\n","protected":false},"author":1,"featured_media":0,"parent":0,"menu_order":0,"comment_status":"closed","ping_status":"closed","template":"page-template-blank.php","meta":{"_et_pb_use_builder":"on","_et_pb_old_content":"","_et_gb_content_width":"","footnotes":""},"class_list":["post-184","page","type-page","status-publish","hentry"],"yoast_head":"<!-- This site is optimized with the Yoast SEO plugin v27.5 - https:\/\/yoast.com\/product\/yoast-seo-wordpress\/ -->\n<title>About DE - DAAN DESIGN STUDIO<\/title>\n<meta name=\"description\" content=\"DAAN Designstudio | Gestaltung von Unikatschmuck, Kleinserien &amp; Accessoires aus hochwertigen Materialien. Das Studio entwirft individuell und in Handarbeit mit h\u00f6chster Pr\u00e4zision\" \/>\n<meta name=\"robots\" content=\"index, follow, max-snippet:-1, max-image-preview:large, max-video-preview:-1\" \/>\n<link rel=\"canonical\" href=\"https:\/\/daanstudio.com\/daanstudio\/about\/\" \/>\n<meta property=\"og:locale\" content=\"de_DE\" \/>\n<meta property=\"og:type\" content=\"article\" \/>\n<meta property=\"og:title\" content=\"About DE - DAAN DESIGN STUDIO\" \/>\n<meta property=\"og:description\" content=\"DAAN Designstudio | Gestaltung von Unikatschmuck, Kleinserien &amp; Accessoires aus hochwertigen Materialien. Das Studio entwirft individuell und in Handarbeit mit h\u00f6chster Pr\u00e4zision\" \/>\n<meta property=\"og:url\" content=\"https:\/\/daanstudio.com\/daanstudio\/about\/\" \/>\n<meta property=\"og:site_name\" content=\"DAAN DESIGN STUDIO\" \/>\n<meta property=\"article:publisher\" content=\"https:\/\/www.facebook.com\/DAAN-designstudio-103754066324390\/\" \/>\n<meta property=\"article:modified_time\" content=\"2018-06-26T07:19:09+00:00\" \/>\n<meta name=\"twitter:card\" content=\"summary_large_image\" \/>\n<meta name=\"twitter:label1\" content=\"Gesch\u00e4tzte Lesezeit\" \/>\n\t<meta name=\"twitter:data1\" content=\"4\u00a0Minuten\" \/>\n<script type=\"application\/ld+json\" class=\"yoast-schema-graph\">{\"@context\":\"https:\\\/\\\/schema.org\",\"@graph\":[{\"@type\":\"WebPage\",\"@id\":\"https:\\\/\\\/daanstudio.com\\\/daanstudio\\\/about\\\/\",\"url\":\"https:\\\/\\\/daanstudio.com\\\/daanstudio\\\/about\\\/\",\"name\":\"About DE - DAAN DESIGN STUDIO\",\"isPartOf\":{\"@id\":\"https:\\\/\\\/daanstudio.com\\\/daanstudio\\\/#website\"},\"datePublished\":\"2017-12-27T23:21:43+00:00\",\"dateModified\":\"2018-06-26T07:19:09+00:00\",\"description\":\"DAAN Designstudio | Gestaltung von Unikatschmuck, Kleinserien & Accessoires aus hochwertigen Materialien. Das Studio entwirft individuell und in Handarbeit mit h\u00f6chster Pr\u00e4zision\",\"breadcrumb\":{\"@id\":\"https:\\\/\\\/daanstudio.com\\\/daanstudio\\\/about\\\/#breadcrumb\"},\"inLanguage\":\"de\",\"potentialAction\":[{\"@type\":\"ReadAction\",\"target\":[\"https:\\\/\\\/daanstudio.com\\\/daanstudio\\\/about\\\/\"]}]},{\"@type\":\"BreadcrumbList\",\"@id\":\"https:\\\/\\\/daanstudio.com\\\/daanstudio\\\/about\\\/#breadcrumb\",\"itemListElement\":[{\"@type\":\"ListItem\",\"position\":1,\"name\":\"Startseite\",\"item\":\"https:\\\/\\\/daanstudio.com\\\/daanstudio\\\/\"},{\"@type\":\"ListItem\",\"position\":2,\"name\":\"About DE\"}]},{\"@type\":\"WebSite\",\"@id\":\"https:\\\/\\\/daanstudio.com\\\/daanstudio\\\/#website\",\"url\":\"https:\\\/\\\/daanstudio.com\\\/daanstudio\\\/\",\"name\":\"DAAN DESIGN STUDIO\",\"description\":\"Designer\",\"publisher\":{\"@id\":\"https:\\\/\\\/daanstudio.com\\\/daanstudio\\\/#organization\"},\"potentialAction\":[{\"@type\":\"SearchAction\",\"target\":{\"@type\":\"EntryPoint\",\"urlTemplate\":\"https:\\\/\\\/daanstudio.com\\\/daanstudio\\\/?s={search_term_string}\"},\"query-input\":{\"@type\":\"PropertyValueSpecification\",\"valueRequired\":true,\"valueName\":\"search_term_string\"}}],\"inLanguage\":\"de\"},{\"@type\":\"Organization\",\"@id\":\"https:\\\/\\\/daanstudio.com\\\/daanstudio\\\/#organization\",\"name\":\"DAAN | Design Studio - Damir Antolovic\",\"url\":\"https:\\\/\\\/daanstudio.com\\\/daanstudio\\\/\",\"logo\":{\"@type\":\"ImageObject\",\"inLanguage\":\"de\",\"@id\":\"https:\\\/\\\/daanstudio.com\\\/daanstudio\\\/#\\\/schema\\\/logo\\\/image\\\/\",\"url\":\"https:\\\/\\\/daanstudio.com\\\/daanstudio\\\/wp-content\\\/uploads\\\/2017\\\/12\\\/daan_designstudio_logo.jpg\",\"contentUrl\":\"https:\\\/\\\/daanstudio.com\\\/daanstudio\\\/wp-content\\\/uploads\\\/2017\\\/12\\\/daan_designstudio_logo.jpg\",\"width\":212,\"height\":36,\"caption\":\"DAAN | Design Studio - Damir Antolovic\"},\"image\":{\"@id\":\"https:\\\/\\\/daanstudio.com\\\/daanstudio\\\/#\\\/schema\\\/logo\\\/image\\\/\"},\"sameAs\":[\"https:\\\/\\\/www.facebook.com\\\/DAAN-designstudio-103754066324390\\\/\"]}]}<\/script>\n<!-- \/ Yoast SEO plugin. -->","yoast_head_json":{"title":"About DE - DAAN DESIGN STUDIO","description":"DAAN Designstudio | Gestaltung von Unikatschmuck, Kleinserien & Accessoires aus hochwertigen Materialien. Das Studio entwirft individuell und in Handarbeit mit h\u00f6chster Pr\u00e4zision","robots":{"index":"index","follow":"follow","max-snippet":"max-snippet:-1","max-image-preview":"max-image-preview:large","max-video-preview":"max-video-preview:-1"},"canonical":"https:\/\/daanstudio.com\/daanstudio\/about\/","og_locale":"de_DE","og_type":"article","og_title":"About DE - DAAN DESIGN STUDIO","og_description":"DAAN Designstudio | Gestaltung von Unikatschmuck, Kleinserien & Accessoires aus hochwertigen Materialien. Das Studio entwirft individuell und in Handarbeit mit h\u00f6chster Pr\u00e4zision","og_url":"https:\/\/daanstudio.com\/daanstudio\/about\/","og_site_name":"DAAN DESIGN STUDIO","article_publisher":"https:\/\/www.facebook.com\/DAAN-designstudio-103754066324390\/","article_modified_time":"2018-06-26T07:19:09+00:00","twitter_card":"summary_large_image","twitter_misc":{"Gesch\u00e4tzte Lesezeit":"4\u00a0Minuten"},"schema":{"@context":"https:\/\/schema.org","@graph":[{"@type":"WebPage","@id":"https:\/\/daanstudio.com\/daanstudio\/about\/","url":"https:\/\/daanstudio.com\/daanstudio\/about\/","name":"About DE - DAAN DESIGN STUDIO","isPartOf":{"@id":"https:\/\/daanstudio.com\/daanstudio\/#website"},"datePublished":"2017-12-27T23:21:43+00:00","dateModified":"2018-06-26T07:19:09+00:00","description":"DAAN Designstudio | Gestaltung von Unikatschmuck, Kleinserien & Accessoires aus hochwertigen Materialien. Das Studio entwirft individuell und in Handarbeit mit h\u00f6chster Pr\u00e4zision","breadcrumb":{"@id":"https:\/\/daanstudio.com\/daanstudio\/about\/#breadcrumb"},"inLanguage":"de","potentialAction":[{"@type":"ReadAction","target":["https:\/\/daanstudio.com\/daanstudio\/about\/"]}]},{"@type":"BreadcrumbList","@id":"https:\/\/daanstudio.com\/daanstudio\/about\/#breadcrumb","itemListElement":[{"@type":"ListItem","position":1,"name":"Startseite","item":"https:\/\/daanstudio.com\/daanstudio\/"},{"@type":"ListItem","position":2,"name":"About DE"}]},{"@type":"WebSite","@id":"https:\/\/daanstudio.com\/daanstudio\/#website","url":"https:\/\/daanstudio.com\/daanstudio\/","name":"DAAN DESIGN STUDIO","description":"Designer","publisher":{"@id":"https:\/\/daanstudio.com\/daanstudio\/#organization"},"potentialAction":[{"@type":"SearchAction","target":{"@type":"EntryPoint","urlTemplate":"https:\/\/daanstudio.com\/daanstudio\/?s={search_term_string}"},"query-input":{"@type":"PropertyValueSpecification","valueRequired":true,"valueName":"search_term_string"}}],"inLanguage":"de"},{"@type":"Organization","@id":"https:\/\/daanstudio.com\/daanstudio\/#organization","name":"DAAN | Design Studio - Damir Antolovic","url":"https:\/\/daanstudio.com\/daanstudio\/","logo":{"@type":"ImageObject","inLanguage":"de","@id":"https:\/\/daanstudio.com\/daanstudio\/#\/schema\/logo\/image\/","url":"https:\/\/daanstudio.com\/daanstudio\/wp-content\/uploads\/2017\/12\/daan_designstudio_logo.jpg","contentUrl":"https:\/\/daanstudio.com\/daanstudio\/wp-content\/uploads\/2017\/12\/daan_designstudio_logo.jpg","width":212,"height":36,"caption":"DAAN | Design Studio - Damir Antolovic"},"image":{"@id":"https:\/\/daanstudio.com\/daanstudio\/#\/schema\/logo\/image\/"},"sameAs":["https:\/\/www.facebook.com\/DAAN-designstudio-103754066324390\/"]}]}},"_links":{"self":[{"href":"https:\/\/daanstudio.com\/daanstudio\/wp-json\/wp\/v2\/pages\/184","targetHints":{"allow":["GET"]}}],"collection":[{"href":"https:\/\/daanstudio.com\/daanstudio\/wp-json\/wp\/v2\/pages"}],"about":[{"href":"https:\/\/daanstudio.com\/daanstudio\/wp-json\/wp\/v2\/types\/page"}],"author":[{"embeddable":true,"href":"https:\/\/daanstudio.com\/daanstudio\/wp-json\/wp\/v2\/users\/1"}],"replies":[{"embeddable":true,"href":"https:\/\/daanstudio.com\/daanstudio\/wp-json\/wp\/v2\/comments?post=184"}],"version-history":[{"count":41,"href":"https:\/\/daanstudio.com\/daanstudio\/wp-json\/wp\/v2\/pages\/184\/revisions"}],"predecessor-version":[{"id":1578,"href":"https:\/\/daanstudio.com\/daanstudio\/wp-json\/wp\/v2\/pages\/184\/revisions\/1578"}],"wp:attachment":[{"href":"https:\/\/daanstudio.com\/daanstudio\/wp-json\/wp\/v2\/media?parent=184"}],"curies":[{"name":"wp","href":"https:\/\/api.w.org\/{rel}","templated":true}]}}