{"id":374,"date":"2017-12-28T14:05:47","date_gmt":"2017-12-28T13:05:47","guid":{"rendered":"http:\/\/daanstudio.com\/daanstudio\/?page_id=374"},"modified":"2018-06-26T09:19:14","modified_gmt":"2018-06-26T07:19:14","slug":"landingpage","status":"publish","type":"page","link":"https:\/\/daanstudio.com\/daanstudio\/","title":{"rendered":"Landingpage"},"content":{"rendered":"<p>[et_pb_section bb_built=&#8220;1&#8243; _builder_version=&#8220;3.5.1&#8243; background_color=&#8220;#000000&#8243; custom_padding=&#8220;15%|||&#8220; custom_padding_phone=&#8220;35%|||&#8220; custom_padding_last_edited=&#8220;on|phone&#8220; custom_padding_tablet=&#8220;25%|||&#8220;][et_pb_row _builder_version=&#8220;3.5.1&#8243; animation_direction=&#8220;top&#8220; background_position=&#8220;top_left&#8220; background_repeat=&#8220;repeat&#8220; background_size=&#8220;initial&#8220; module_alignment=&#8220;center&#8220; make_fullwidth=&#8220;on&#8220; make_equal=&#8220;on&#8220;][et_pb_column type=&#8220;1_4&#8243;][\/et_pb_column][et_pb_column type=&#8220;1_2&#8243;][et_pb_image _builder_version=&#8220;3.5.1&#8243; src=&#8220;https:\/\/daanstudio.com\/daanstudio\/wp-content\/uploads\/2017\/12\/daan_designstudio_logo.jpg&#8220; align=&#8220;center&#8220; animation_style=&#8220;fade&#8220; animation_direction=&#8220;top&#8220; animation_duration=&#8220;2000ms&#8220; background_color=&#8220;#000000&#8243; \/][et_pb_divider _builder_version=&#8220;3.0.92&#8243; height=&#8220;10px&#8220; color=&#8220;#ffffff&#8220; show_divider=&#8220;off&#8220; \/][et_pb_text _builder_version=&#8220;3.0.97&#8243; background_layout=&#8220;dark&#8220; text_line_height=&#8220;1em&#8220; animation_style=&#8220;slide&#8220; animation_direction=&#8220;bottom&#8220; text_font_size=&#8220;15px&#8220; text_letter_spacing=&#8220;2px&#8220; text_orientation=&#8220;center&#8220; header_text_align=&#8220;center&#8220; text_text_color=&#8220;#ffffff&#8220; header_font_size=&#8220;15px&#8220; header_text_color=&#8220;#ffffff&#8220; header_letter_spacing=&#8220;2px&#8220; animation_duration=&#8220;2000ms&#8220; animation_intensity_slide=&#8220;100%&#8220;]<\/p>\n<style>a:hover { background-color: #a3a3a3; color: black }<\/style>\n<p><a href=\"https:\/\/daanstudio.com\/daanstudio\/daan-design-studio\/\">EXCLUSIV<\/a>&nbsp;|&nbsp;<a href=\"https:\/\/daanstudio.com\/daanstudio\/daan-design-studio\/\">DESIGNSTUDIO<\/a><\/p>\n<p>[\/et_pb_text][et_pb_divider _builder_version=&#8220;3.0.92&#8243; height=&#8220;10px&#8220; color=&#8220;#ffffff&#8220; show_divider=&#8220;off&#8220; \/][\/et_pb_column][et_pb_column type=&#8220;1_4&#8243;][\/et_pb_column][\/et_pb_row][\/et_pb_section]<\/p>\n","protected":false},"excerpt":{"rendered":"<p>EXCLUSIV&nbsp;|&nbsp;DESIGNSTUDIO<\/p>\n","protected":false},"author":1,"featured_media":0,"parent":0,"menu_order":0,"comment_status":"closed","ping_status":"closed","template":"page-template-blank.php","meta":{"_et_pb_use_builder":"on","_et_pb_old_content":"","_et_gb_content_width":"","footnotes":""},"class_list":["post-374","page","type-page","status-publish","hentry"],"yoast_head":"<!-- This site is optimized with the Yoast SEO plugin v27.5 - https:\/\/yoast.com\/product\/yoast-seo-wordpress\/ -->\n<title>DAAN Designstudio | Gestaltung Unikatschmuck Accessoires<\/title>\n<meta name=\"description\" content=\"Gestaltung von Unikatschmuck \u2713, Kleinserien \u2713 und Accessoires \u2713 aus hochwertigen Materialien. Das Studio entwirft f\u00fcr jeden Kunden individuell und fertigt die St\u00fccke in Handarbeit mit h\u00f6chster Pr\u00e4zision an. Designer Damir Antolovic\" \/>\n<meta name=\"robots\" content=\"index, follow, max-snippet:-1, max-image-preview:large, max-video-preview:-1\" \/>\n<link rel=\"canonical\" href=\"https:\/\/daanstudio.com\/daanstudio\/\" \/>\n<meta property=\"og:locale\" content=\"de_DE\" \/>\n<meta property=\"og:type\" content=\"article\" \/>\n<meta property=\"og:title\" content=\"DAAN Designstudio | Gestaltung Unikatschmuck Accessoires\" \/>\n<meta property=\"og:description\" content=\"Gestaltung von Unikatschmuck \u2713, Kleinserien \u2713 und Accessoires \u2713 aus hochwertigen Materialien. Das Studio entwirft f\u00fcr jeden Kunden individuell und fertigt die St\u00fccke in Handarbeit mit h\u00f6chster Pr\u00e4zision an. Designer Damir Antolovic\" \/>\n<meta property=\"og:url\" content=\"https:\/\/daanstudio.com\/daanstudio\/\" \/>\n<meta property=\"og:site_name\" content=\"DAAN DESIGN STUDIO\" \/>\n<meta property=\"article:publisher\" content=\"https:\/\/www.facebook.com\/DAAN-designstudio-103754066324390\/\" \/>\n<meta property=\"article:modified_time\" content=\"2018-06-26T07:19:14+00:00\" \/>\n<meta name=\"twitter:card\" content=\"summary_large_image\" \/>\n<meta name=\"twitter:label1\" content=\"Gesch\u00e4tzte Lesezeit\" \/>\n\t<meta name=\"twitter:data1\" content=\"1\u00a0Minute\" \/>\n<script type=\"application\/ld+json\" class=\"yoast-schema-graph\">{\"@context\":\"https:\\\/\\\/schema.org\",\"@graph\":[{\"@type\":\"WebPage\",\"@id\":\"https:\\\/\\\/daanstudio.com\\\/daanstudio\\\/\",\"url\":\"https:\\\/\\\/daanstudio.com\\\/daanstudio\\\/\",\"name\":\"DAAN Designstudio | Gestaltung Unikatschmuck Accessoires\",\"isPartOf\":{\"@id\":\"https:\\\/\\\/daanstudio.com\\\/daanstudio\\\/#website\"},\"datePublished\":\"2017-12-28T13:05:47+00:00\",\"dateModified\":\"2018-06-26T07:19:14+00:00\",\"description\":\"Gestaltung von Unikatschmuck \u2713, Kleinserien \u2713 und Accessoires \u2713 aus hochwertigen Materialien. Das Studio entwirft f\u00fcr jeden Kunden individuell und fertigt die St\u00fccke in Handarbeit mit h\u00f6chster Pr\u00e4zision an. Designer Damir Antolovic\",\"breadcrumb\":{\"@id\":\"https:\\\/\\\/daanstudio.com\\\/daanstudio\\\/#breadcrumb\"},\"inLanguage\":\"de\",\"potentialAction\":[{\"@type\":\"ReadAction\",\"target\":[\"https:\\\/\\\/daanstudio.com\\\/daanstudio\\\/\"]}]},{\"@type\":\"BreadcrumbList\",\"@id\":\"https:\\\/\\\/daanstudio.com\\\/daanstudio\\\/#breadcrumb\",\"itemListElement\":[{\"@type\":\"ListItem\",\"position\":1,\"name\":\"Startseite\",\"item\":\"https:\\\/\\\/daanstudio.com\\\/daanstudio\\\/\"},{\"@type\":\"ListItem\",\"position\":2,\"name\":\"Landingpage\"}]},{\"@type\":\"WebSite\",\"@id\":\"https:\\\/\\\/daanstudio.com\\\/daanstudio\\\/#website\",\"url\":\"https:\\\/\\\/daanstudio.com\\\/daanstudio\\\/\",\"name\":\"DAAN DESIGN STUDIO\",\"description\":\"Designer\",\"publisher\":{\"@id\":\"https:\\\/\\\/daanstudio.com\\\/daanstudio\\\/#organization\"},\"potentialAction\":[{\"@type\":\"SearchAction\",\"target\":{\"@type\":\"EntryPoint\",\"urlTemplate\":\"https:\\\/\\\/daanstudio.com\\\/daanstudio\\\/?s={search_term_string}\"},\"query-input\":{\"@type\":\"PropertyValueSpecification\",\"valueRequired\":true,\"valueName\":\"search_term_string\"}}],\"inLanguage\":\"de\"},{\"@type\":\"Organization\",\"@id\":\"https:\\\/\\\/daanstudio.com\\\/daanstudio\\\/#organization\",\"name\":\"DAAN | Design Studio - Damir Antolovic\",\"url\":\"https:\\\/\\\/daanstudio.com\\\/daanstudio\\\/\",\"logo\":{\"@type\":\"ImageObject\",\"inLanguage\":\"de\",\"@id\":\"https:\\\/\\\/daanstudio.com\\\/daanstudio\\\/#\\\/schema\\\/logo\\\/image\\\/\",\"url\":\"https:\\\/\\\/daanstudio.com\\\/daanstudio\\\/wp-content\\\/uploads\\\/2017\\\/12\\\/daan_designstudio_logo.jpg\",\"contentUrl\":\"https:\\\/\\\/daanstudio.com\\\/daanstudio\\\/wp-content\\\/uploads\\\/2017\\\/12\\\/daan_designstudio_logo.jpg\",\"width\":212,\"height\":36,\"caption\":\"DAAN | Design Studio - Damir Antolovic\"},\"image\":{\"@id\":\"https:\\\/\\\/daanstudio.com\\\/daanstudio\\\/#\\\/schema\\\/logo\\\/image\\\/\"},\"sameAs\":[\"https:\\\/\\\/www.facebook.com\\\/DAAN-designstudio-103754066324390\\\/\"]}]}<\/script>\n<!-- \/ Yoast SEO plugin. -->","yoast_head_json":{"title":"DAAN Designstudio | Gestaltung Unikatschmuck Accessoires","description":"Gestaltung von Unikatschmuck \u2713, Kleinserien \u2713 und Accessoires \u2713 aus hochwertigen Materialien. Das Studio entwirft f\u00fcr jeden Kunden individuell und fertigt die St\u00fccke in Handarbeit mit h\u00f6chster Pr\u00e4zision an. Designer Damir Antolovic","robots":{"index":"index","follow":"follow","max-snippet":"max-snippet:-1","max-image-preview":"max-image-preview:large","max-video-preview":"max-video-preview:-1"},"canonical":"https:\/\/daanstudio.com\/daanstudio\/","og_locale":"de_DE","og_type":"article","og_title":"DAAN Designstudio | Gestaltung Unikatschmuck Accessoires","og_description":"Gestaltung von Unikatschmuck \u2713, Kleinserien \u2713 und Accessoires \u2713 aus hochwertigen Materialien. Das Studio entwirft f\u00fcr jeden Kunden individuell und fertigt die St\u00fccke in Handarbeit mit h\u00f6chster Pr\u00e4zision an. Designer Damir Antolovic","og_url":"https:\/\/daanstudio.com\/daanstudio\/","og_site_name":"DAAN DESIGN STUDIO","article_publisher":"https:\/\/www.facebook.com\/DAAN-designstudio-103754066324390\/","article_modified_time":"2018-06-26T07:19:14+00:00","twitter_card":"summary_large_image","twitter_misc":{"Gesch\u00e4tzte Lesezeit":"1\u00a0Minute"},"schema":{"@context":"https:\/\/schema.org","@graph":[{"@type":"WebPage","@id":"https:\/\/daanstudio.com\/daanstudio\/","url":"https:\/\/daanstudio.com\/daanstudio\/","name":"DAAN Designstudio | Gestaltung Unikatschmuck Accessoires","isPartOf":{"@id":"https:\/\/daanstudio.com\/daanstudio\/#website"},"datePublished":"2017-12-28T13:05:47+00:00","dateModified":"2018-06-26T07:19:14+00:00","description":"Gestaltung von Unikatschmuck \u2713, Kleinserien \u2713 und Accessoires \u2713 aus hochwertigen Materialien. Das Studio entwirft f\u00fcr jeden Kunden individuell und fertigt die St\u00fccke in Handarbeit mit h\u00f6chster Pr\u00e4zision an. Designer Damir Antolovic","breadcrumb":{"@id":"https:\/\/daanstudio.com\/daanstudio\/#breadcrumb"},"inLanguage":"de","potentialAction":[{"@type":"ReadAction","target":["https:\/\/daanstudio.com\/daanstudio\/"]}]},{"@type":"BreadcrumbList","@id":"https:\/\/daanstudio.com\/daanstudio\/#breadcrumb","itemListElement":[{"@type":"ListItem","position":1,"name":"Startseite","item":"https:\/\/daanstudio.com\/daanstudio\/"},{"@type":"ListItem","position":2,"name":"Landingpage"}]},{"@type":"WebSite","@id":"https:\/\/daanstudio.com\/daanstudio\/#website","url":"https:\/\/daanstudio.com\/daanstudio\/","name":"DAAN DESIGN STUDIO","description":"Designer","publisher":{"@id":"https:\/\/daanstudio.com\/daanstudio\/#organization"},"potentialAction":[{"@type":"SearchAction","target":{"@type":"EntryPoint","urlTemplate":"https:\/\/daanstudio.com\/daanstudio\/?s={search_term_string}"},"query-input":{"@type":"PropertyValueSpecification","valueRequired":true,"valueName":"search_term_string"}}],"inLanguage":"de"},{"@type":"Organization","@id":"https:\/\/daanstudio.com\/daanstudio\/#organization","name":"DAAN | Design Studio - Damir Antolovic","url":"https:\/\/daanstudio.com\/daanstudio\/","logo":{"@type":"ImageObject","inLanguage":"de","@id":"https:\/\/daanstudio.com\/daanstudio\/#\/schema\/logo\/image\/","url":"https:\/\/daanstudio.com\/daanstudio\/wp-content\/uploads\/2017\/12\/daan_designstudio_logo.jpg","contentUrl":"https:\/\/daanstudio.com\/daanstudio\/wp-content\/uploads\/2017\/12\/daan_designstudio_logo.jpg","width":212,"height":36,"caption":"DAAN | Design Studio - Damir Antolovic"},"image":{"@id":"https:\/\/daanstudio.com\/daanstudio\/#\/schema\/logo\/image\/"},"sameAs":["https:\/\/www.facebook.com\/DAAN-designstudio-103754066324390\/"]}]}},"_links":{"self":[{"href":"https:\/\/daanstudio.com\/daanstudio\/wp-json\/wp\/v2\/pages\/374","targetHints":{"allow":["GET"]}}],"collection":[{"href":"https:\/\/daanstudio.com\/daanstudio\/wp-json\/wp\/v2\/pages"}],"about":[{"href":"https:\/\/daanstudio.com\/daanstudio\/wp-json\/wp\/v2\/types\/page"}],"author":[{"embeddable":true,"href":"https:\/\/daanstudio.com\/daanstudio\/wp-json\/wp\/v2\/users\/1"}],"replies":[{"embeddable":true,"href":"https:\/\/daanstudio.com\/daanstudio\/wp-json\/wp\/v2\/comments?post=374"}],"version-history":[{"count":58,"href":"https:\/\/daanstudio.com\/daanstudio\/wp-json\/wp\/v2\/pages\/374\/revisions"}],"predecessor-version":[{"id":1576,"href":"https:\/\/daanstudio.com\/daanstudio\/wp-json\/wp\/v2\/pages\/374\/revisions\/1576"}],"wp:attachment":[{"href":"https:\/\/daanstudio.com\/daanstudio\/wp-json\/wp\/v2\/media?parent=374"}],"curies":[{"name":"wp","href":"https:\/\/api.w.org\/{rel}","templated":true}]}}