{"id":39,"date":"2017-11-18T16:12:45","date_gmt":"2017-11-18T15:12:45","guid":{"rendered":"http:\/\/daanstudio.com\/daanstudio\/?page_id=39"},"modified":"2018-06-26T09:21:36","modified_gmt":"2018-06-26T07:21:36","slug":"daan-design-studio","status":"publish","type":"page","link":"https:\/\/daanstudio.com\/daanstudio\/daan-design-studio\/","title":{"rendered":"DAAN Design Studio DE"},"content":{"rendered":"<p>[et_pb_section bb_built=&#8220;1&#8243; _builder_version=&#8220;3.8&#8243; background_color=&#8220;#000000&#8243;][et_pb_row _builder_version=&#8220;3.0.92&#8243; animation_style=&#8220;slide&#8220; animation_direction=&#8220;top&#8220;][et_pb_column type=&#8220;1_4&#8243;][et_pb_divider _builder_version=&#8220;3.0.92&#8243; height=&#8220;30px&#8220; color=&#8220;#ffffff&#8220; show_divider=&#8220;off&#8220; \/][et_pb_image _builder_version=&#8220;3.0.92&#8243; src=&#8220;https:\/\/daanstudio.com\/daanstudio\/wp-content\/uploads\/2017\/12\/daan_designstudio_logo.jpg&#8220; show_in_lightbox=&#8220;off&#8220; url_new_window=&#8220;off&#8220; use_overlay=&#8220;off&#8220; always_center_on_mobile=&#8220;on&#8220; force_fullwidth=&#8220;off&#8220; show_bottom_space=&#8220;on&#8220; align=&#8220;right&#8220; \/][\/et_pb_column][et_pb_column type=&#8220;3_4&#8243;][\/et_pb_column][\/et_pb_row][et_pb_row _builder_version=&#8220;3.0.92&#8243;][et_pb_column type=&#8220;1_4&#8243;][et_pb_text _builder_version=&#8220;3.0.92&#8243; background_layout=&#8220;light&#8220; text_line_height=&#8220;1em&#8220; animation_style=&#8220;slide&#8220; animation_direction=&#8220;left&#8220; animation_duration=&#8220;2000ms&#8220; text_font_size=&#8220;12px&#8220; text_letter_spacing=&#8220;1px&#8220;]<\/p>\n<style>a:hover { background-color: #a3a3a3; color: black }<\/style>\n<p style=\"text-align: right;\"><a href=\"\/daanstudio\/about\/\">ABOUT DAAN<\/a><\/p>\n<p style=\"text-align: right;\"><a href=\"\/daanstudio\/collection\/\">KOLLEKTION<\/a><\/p>\n<p style=\"text-align: right;\"><a href=\"\/daanstudio\/news\/\">NEWS<\/a><\/p>\n<p style=\"text-align: right;\"><a href=\"\/daanstudio\/contact\/\">KONTAKT<\/a><\/p>\n<p>[\/et_pb_text][et_pb_divider _builder_version=&#8220;3.0.92&#8243; height=&#8220;100px&#8220; color=&#8220;#ffffff&#8220; show_divider=&#8220;off&#8220; \/][\/et_pb_column][et_pb_column type=&#8220;3_4&#8243;][et_pb_image _builder_version=&#8220;3.5.1&#8243; src=&#8220;https:\/\/daanstudio.com\/daanstudio\/wp-content\/uploads\/2018\/01\/start_visual_1-copy-1.jpg&#8220; animation_style=&#8220;fade&#8220; animation_duration=&#8220;2000ms&#8220; background_color=&#8220;#000000&#8243; \/][et_pb_text _builder_version=&#8220;3.0.92&#8243; background_layout=&#8220;light&#8220; text_orientation=&#8220;right&#8220; animation_style=&#8220;slide&#8220; animation_direction=&#8220;bottom&#8220; animation_delay=&#8220;1000ms&#8220;]<\/p>\n<p><strong>DE<\/strong>\u00a0\u00a0|\u00a0\u00a0<a href=\"\/daanstudio\/daanstudio-en\">EN<\/a><\/p>\n<p>[\/et_pb_text][\/et_pb_column][\/et_pb_row][\/et_pb_section]<\/p>\n","protected":false},"excerpt":{"rendered":"<p>ABOUT DAAN KOLLEKTION NEWS KONTAKT DE\u00a0\u00a0|\u00a0\u00a0EN<\/p>\n","protected":false},"author":1,"featured_media":0,"parent":0,"menu_order":0,"comment_status":"closed","ping_status":"closed","template":"page-template-blank.php","meta":{"_et_pb_use_builder":"on","_et_pb_old_content":"","_et_gb_content_width":"","footnotes":""},"class_list":["post-39","page","type-page","status-publish","hentry"],"yoast_head":"<!-- This site is optimized with the Yoast SEO plugin v27.5 - https:\/\/yoast.com\/product\/yoast-seo-wordpress\/ -->\n<title>DAAN Design Studio DE - DAAN DESIGN STUDIO<\/title>\n<meta name=\"description\" content=\"Gestaltung von Unikatschmuck \u2713, Kleinserien \u2713 und Accessoires \u2713 aus hochwertigen Materialien. Das Studio entwirft f\u00fcr jeden Kunden individuell und fertigt die St\u00fccke in Handarbeit mit h\u00f6chster Pr\u00e4zision an. Designer Damir Antolovic\" \/>\n<meta name=\"robots\" content=\"index, follow, max-snippet:-1, max-image-preview:large, max-video-preview:-1\" \/>\n<link rel=\"canonical\" href=\"https:\/\/daanstudio.com\/daanstudio\/daan-design-studio\/\" \/>\n<meta property=\"og:locale\" content=\"de_DE\" \/>\n<meta property=\"og:type\" content=\"article\" \/>\n<meta property=\"og:title\" content=\"DAAN Design Studio DE - DAAN DESIGN STUDIO\" \/>\n<meta property=\"og:description\" content=\"Gestaltung von Unikatschmuck \u2713, Kleinserien \u2713 und Accessoires \u2713 aus hochwertigen Materialien. Das Studio entwirft f\u00fcr jeden Kunden individuell und fertigt die St\u00fccke in Handarbeit mit h\u00f6chster Pr\u00e4zision an. Designer Damir Antolovic\" \/>\n<meta property=\"og:url\" content=\"https:\/\/daanstudio.com\/daanstudio\/daan-design-studio\/\" \/>\n<meta property=\"og:site_name\" content=\"DAAN DESIGN STUDIO\" \/>\n<meta property=\"article:publisher\" content=\"https:\/\/www.facebook.com\/DAAN-designstudio-103754066324390\/\" \/>\n<meta property=\"article:modified_time\" content=\"2018-06-26T07:21:36+00:00\" \/>\n<meta name=\"twitter:card\" content=\"summary_large_image\" \/>\n<meta name=\"twitter:label1\" content=\"Gesch\u00e4tzte Lesezeit\" \/>\n\t<meta name=\"twitter:data1\" content=\"1\u00a0Minute\" \/>\n<script type=\"application\/ld+json\" class=\"yoast-schema-graph\">{\"@context\":\"https:\\\/\\\/schema.org\",\"@graph\":[{\"@type\":\"WebPage\",\"@id\":\"https:\\\/\\\/daanstudio.com\\\/daanstudio\\\/daan-design-studio\\\/\",\"url\":\"https:\\\/\\\/daanstudio.com\\\/daanstudio\\\/daan-design-studio\\\/\",\"name\":\"DAAN Design Studio DE - DAAN DESIGN STUDIO\",\"isPartOf\":{\"@id\":\"https:\\\/\\\/daanstudio.com\\\/daanstudio\\\/#website\"},\"datePublished\":\"2017-11-18T15:12:45+00:00\",\"dateModified\":\"2018-06-26T07:21:36+00:00\",\"description\":\"Gestaltung von Unikatschmuck \u2713, Kleinserien \u2713 und Accessoires \u2713 aus hochwertigen Materialien. Das Studio entwirft f\u00fcr jeden Kunden individuell und fertigt die St\u00fccke in Handarbeit mit h\u00f6chster Pr\u00e4zision an. Designer Damir Antolovic\",\"breadcrumb\":{\"@id\":\"https:\\\/\\\/daanstudio.com\\\/daanstudio\\\/daan-design-studio\\\/#breadcrumb\"},\"inLanguage\":\"de\",\"potentialAction\":[{\"@type\":\"ReadAction\",\"target\":[\"https:\\\/\\\/daanstudio.com\\\/daanstudio\\\/daan-design-studio\\\/\"]}]},{\"@type\":\"BreadcrumbList\",\"@id\":\"https:\\\/\\\/daanstudio.com\\\/daanstudio\\\/daan-design-studio\\\/#breadcrumb\",\"itemListElement\":[{\"@type\":\"ListItem\",\"position\":1,\"name\":\"Startseite\",\"item\":\"https:\\\/\\\/daanstudio.com\\\/daanstudio\\\/\"},{\"@type\":\"ListItem\",\"position\":2,\"name\":\"DAAN Design Studio DE\"}]},{\"@type\":\"WebSite\",\"@id\":\"https:\\\/\\\/daanstudio.com\\\/daanstudio\\\/#website\",\"url\":\"https:\\\/\\\/daanstudio.com\\\/daanstudio\\\/\",\"name\":\"DAAN DESIGN STUDIO\",\"description\":\"Designer\",\"publisher\":{\"@id\":\"https:\\\/\\\/daanstudio.com\\\/daanstudio\\\/#organization\"},\"potentialAction\":[{\"@type\":\"SearchAction\",\"target\":{\"@type\":\"EntryPoint\",\"urlTemplate\":\"https:\\\/\\\/daanstudio.com\\\/daanstudio\\\/?s={search_term_string}\"},\"query-input\":{\"@type\":\"PropertyValueSpecification\",\"valueRequired\":true,\"valueName\":\"search_term_string\"}}],\"inLanguage\":\"de\"},{\"@type\":\"Organization\",\"@id\":\"https:\\\/\\\/daanstudio.com\\\/daanstudio\\\/#organization\",\"name\":\"DAAN | Design Studio - Damir Antolovic\",\"url\":\"https:\\\/\\\/daanstudio.com\\\/daanstudio\\\/\",\"logo\":{\"@type\":\"ImageObject\",\"inLanguage\":\"de\",\"@id\":\"https:\\\/\\\/daanstudio.com\\\/daanstudio\\\/#\\\/schema\\\/logo\\\/image\\\/\",\"url\":\"https:\\\/\\\/daanstudio.com\\\/daanstudio\\\/wp-content\\\/uploads\\\/2017\\\/12\\\/daan_designstudio_logo.jpg\",\"contentUrl\":\"https:\\\/\\\/daanstudio.com\\\/daanstudio\\\/wp-content\\\/uploads\\\/2017\\\/12\\\/daan_designstudio_logo.jpg\",\"width\":212,\"height\":36,\"caption\":\"DAAN | Design Studio - Damir Antolovic\"},\"image\":{\"@id\":\"https:\\\/\\\/daanstudio.com\\\/daanstudio\\\/#\\\/schema\\\/logo\\\/image\\\/\"},\"sameAs\":[\"https:\\\/\\\/www.facebook.com\\\/DAAN-designstudio-103754066324390\\\/\"]}]}<\/script>\n<!-- \/ Yoast SEO plugin. -->","yoast_head_json":{"title":"DAAN Design Studio DE - DAAN DESIGN STUDIO","description":"Gestaltung von Unikatschmuck \u2713, Kleinserien \u2713 und Accessoires \u2713 aus hochwertigen Materialien. Das Studio entwirft f\u00fcr jeden Kunden individuell und fertigt die St\u00fccke in Handarbeit mit h\u00f6chster Pr\u00e4zision an. Designer Damir Antolovic","robots":{"index":"index","follow":"follow","max-snippet":"max-snippet:-1","max-image-preview":"max-image-preview:large","max-video-preview":"max-video-preview:-1"},"canonical":"https:\/\/daanstudio.com\/daanstudio\/daan-design-studio\/","og_locale":"de_DE","og_type":"article","og_title":"DAAN Design Studio DE - DAAN DESIGN STUDIO","og_description":"Gestaltung von Unikatschmuck \u2713, Kleinserien \u2713 und Accessoires \u2713 aus hochwertigen Materialien. Das Studio entwirft f\u00fcr jeden Kunden individuell und fertigt die St\u00fccke in Handarbeit mit h\u00f6chster Pr\u00e4zision an. Designer Damir Antolovic","og_url":"https:\/\/daanstudio.com\/daanstudio\/daan-design-studio\/","og_site_name":"DAAN DESIGN STUDIO","article_publisher":"https:\/\/www.facebook.com\/DAAN-designstudio-103754066324390\/","article_modified_time":"2018-06-26T07:21:36+00:00","twitter_card":"summary_large_image","twitter_misc":{"Gesch\u00e4tzte Lesezeit":"1\u00a0Minute"},"schema":{"@context":"https:\/\/schema.org","@graph":[{"@type":"WebPage","@id":"https:\/\/daanstudio.com\/daanstudio\/daan-design-studio\/","url":"https:\/\/daanstudio.com\/daanstudio\/daan-design-studio\/","name":"DAAN Design Studio DE - DAAN DESIGN STUDIO","isPartOf":{"@id":"https:\/\/daanstudio.com\/daanstudio\/#website"},"datePublished":"2017-11-18T15:12:45+00:00","dateModified":"2018-06-26T07:21:36+00:00","description":"Gestaltung von Unikatschmuck \u2713, Kleinserien \u2713 und Accessoires \u2713 aus hochwertigen Materialien. Das Studio entwirft f\u00fcr jeden Kunden individuell und fertigt die St\u00fccke in Handarbeit mit h\u00f6chster Pr\u00e4zision an. Designer Damir Antolovic","breadcrumb":{"@id":"https:\/\/daanstudio.com\/daanstudio\/daan-design-studio\/#breadcrumb"},"inLanguage":"de","potentialAction":[{"@type":"ReadAction","target":["https:\/\/daanstudio.com\/daanstudio\/daan-design-studio\/"]}]},{"@type":"BreadcrumbList","@id":"https:\/\/daanstudio.com\/daanstudio\/daan-design-studio\/#breadcrumb","itemListElement":[{"@type":"ListItem","position":1,"name":"Startseite","item":"https:\/\/daanstudio.com\/daanstudio\/"},{"@type":"ListItem","position":2,"name":"DAAN Design Studio DE"}]},{"@type":"WebSite","@id":"https:\/\/daanstudio.com\/daanstudio\/#website","url":"https:\/\/daanstudio.com\/daanstudio\/","name":"DAAN DESIGN STUDIO","description":"Designer","publisher":{"@id":"https:\/\/daanstudio.com\/daanstudio\/#organization"},"potentialAction":[{"@type":"SearchAction","target":{"@type":"EntryPoint","urlTemplate":"https:\/\/daanstudio.com\/daanstudio\/?s={search_term_string}"},"query-input":{"@type":"PropertyValueSpecification","valueRequired":true,"valueName":"search_term_string"}}],"inLanguage":"de"},{"@type":"Organization","@id":"https:\/\/daanstudio.com\/daanstudio\/#organization","name":"DAAN | Design Studio - Damir Antolovic","url":"https:\/\/daanstudio.com\/daanstudio\/","logo":{"@type":"ImageObject","inLanguage":"de","@id":"https:\/\/daanstudio.com\/daanstudio\/#\/schema\/logo\/image\/","url":"https:\/\/daanstudio.com\/daanstudio\/wp-content\/uploads\/2017\/12\/daan_designstudio_logo.jpg","contentUrl":"https:\/\/daanstudio.com\/daanstudio\/wp-content\/uploads\/2017\/12\/daan_designstudio_logo.jpg","width":212,"height":36,"caption":"DAAN | Design Studio - Damir Antolovic"},"image":{"@id":"https:\/\/daanstudio.com\/daanstudio\/#\/schema\/logo\/image\/"},"sameAs":["https:\/\/www.facebook.com\/DAAN-designstudio-103754066324390\/"]}]}},"_links":{"self":[{"href":"https:\/\/daanstudio.com\/daanstudio\/wp-json\/wp\/v2\/pages\/39","targetHints":{"allow":["GET"]}}],"collection":[{"href":"https:\/\/daanstudio.com\/daanstudio\/wp-json\/wp\/v2\/pages"}],"about":[{"href":"https:\/\/daanstudio.com\/daanstudio\/wp-json\/wp\/v2\/types\/page"}],"author":[{"embeddable":true,"href":"https:\/\/daanstudio.com\/daanstudio\/wp-json\/wp\/v2\/users\/1"}],"replies":[{"embeddable":true,"href":"https:\/\/daanstudio.com\/daanstudio\/wp-json\/wp\/v2\/comments?post=39"}],"version-history":[{"count":46,"href":"https:\/\/daanstudio.com\/daanstudio\/wp-json\/wp\/v2\/pages\/39\/revisions"}],"predecessor-version":[{"id":1594,"href":"https:\/\/daanstudio.com\/daanstudio\/wp-json\/wp\/v2\/pages\/39\/revisions\/1594"}],"wp:attachment":[{"href":"https:\/\/daanstudio.com\/daanstudio\/wp-json\/wp\/v2\/media?parent=39"}],"curies":[{"name":"wp","href":"https:\/\/api.w.org\/{rel}","templated":true}]}}